{"id":1300,"date":"2022-05-13T15:12:19","date_gmt":"2022-05-13T13:12:19","guid":{"rendered":"http:\/\/saone-plaisance.info\/datenschutzrichtlinie\/"},"modified":"2022-08-08T12:30:25","modified_gmt":"2022-08-08T10:30:25","slug":"datenschutzrichtlinie","status":"publish","type":"page","link":"https:\/\/www.saone-plaisance.com\/de\/datenschutzrichtlinie\/","title":{"rendered":"Datenschutzrichtlinie"},"content":{"rendered":"<div class=\"fusion-fullwidth fullwidth-box fusion-builder-row-1 fusion-flex-container nonhundred-percent-fullwidth non-hundred-percent-height-scrolling\" style=\"background-color: rgba(255,255,255,0);background-position: center center;background-repeat: no-repeat;border-width: 0px 0px 0px 0px;border-color:#e2e2e2;border-style:solid;\" ><div class=\"fusion-builder-row fusion-row fusion-flex-align-items-flex-start\" style=\"max-width:1352px;margin-left: calc(-4% \/ 2 );margin-right: calc(-4% \/ 2 );\"><div class=\"fusion-layout-column fusion_builder_column fusion-builder-column-0 fusion_builder_column_1_1 1_1 fusion-flex-column\"><div class=\"fusion-column-wrapper fusion-flex-justify-content-flex-start fusion-content-layout-column\" style=\"background-position:left top;background-blend-mode: overlay;background-repeat:no-repeat;-webkit-background-size:cover;-moz-background-size:cover;-o-background-size:cover;background-size:cover;padding: 0px 0px 0px 0px;\"><div class=\"fusion-text fusion-text-1\"><h2>Wer sind wir?<\/h2>\n<p>Die Adresse unserer Website ist: https:\/\/www.saone-plaisance.com.<\/p>\n<h2>Kommentare<\/h2>\n<p>Wenn Sie einen Kommentar auf unserer Website hinterlassen, werden die in das Kommentarformular eingetragenen Daten sowie Ihre IP-Adresse und der User Agent Ihres Browsers gesammelt, um uns bei der Erkennung unerw\u00fcnschter Kommentare zu helfen.<\/p>\n<p>Eine aus Ihrer E-Mail-Adresse erstellte anonymisierte Zeichenfolge (auch Hash genannt) kann an den Gravatar-Dienst gesendet werden, um zu \u00fcberpr\u00fcfen, ob Sie diesen nutzen. Die Datenschutzbestimmungen des Gravatar-Dienstes finden Sie hier: https:\/\/automattic.com\/privacy\/. Nachdem Sie Ihren Kommentar freigeschaltet haben, wird Ihr Profilbild neben Ihrem Kommentar \u00f6ffentlich sichtbar sein.<\/p>\n<h2>Medien<\/h2>\n<p>Wenn Sie Bilder auf die Website hochladen, empfehlen wir Ihnen, keine Bilder hochzuladen, die EXIF-Daten von GPS-Koordinaten enthalten. Personen, die Ihre Website besuchen, k\u00f6nnen Standortdaten aus diesen Bildern herunterladen und extrahieren.<\/p>\n<h2>Cookies<\/h2>\n<p>Wenn Sie einen Kommentar auf unserer Seite abgeben, wird Ihnen angeboten, Ihren Namen, Ihre E-Mail-Adresse und Ihren Standort in Cookies zu speichern. Dies dient lediglich Ihrer Bequemlichkeit, damit Sie diese Informationen nicht eingeben m\u00fcssen, wenn Sie sp\u00e4ter einen weiteren Kommentar abgeben. Diese Cookies laufen nach einem Jahr ab.<\/p>\n<p>Wenn Sie die Anmeldeseite aufrufen, wird ein tempor\u00e4res Cookie erstellt, um festzustellen, ob Ihr Browser Cookies akzeptiert. Sie enth\u00e4lt keine pers\u00f6nlichen Daten und wird automatisch gel\u00f6scht, wenn Sie Ihren Browser schlie\u00dfen.<\/p>\n<p>Wenn Sie sich anmelden, werden wir eine Reihe von Cookies setzen, um Ihre Anmeldeinformationen und Bildschirmeinstellungen zu speichern. Die Lebensdauer eines Anmelde-Cookies betr\u00e4gt zwei Tage, die eines Bildschirmoptions-Cookies ein Jahr. Wenn Sie &#8222;An mich erinnern&#8220; ankreuzen, wird Ihr Anmelde-Cookie zwei Wochen lang gespeichert. Wenn Sie sich von Ihrem Konto abmelden, wird das Anmelde-Cookie gel\u00f6scht.<\/p>\n<p>Wenn Sie einen Beitrag bearbeiten oder ver\u00f6ffentlichen, wird ein zus\u00e4tzliches Cookie in Ihrem Browser gespeichert. Dieses Cookie enth\u00e4lt keine personenbezogenen Daten. Er gibt lediglich die ID des Beitrags an, den Sie gerade bearbeitet haben. Er l\u00e4uft nach einem Tag ab.<\/p>\n<h2>Von anderen Seiten eingebettete Inhalte<\/h2>\n<p>Die Artikel auf dieser Website k\u00f6nnen eingebettete Inhalte enthalten (z. B. Videos, Bilder, Artikel &#8230;). Inhalte, die von anderen Websites eingebunden werden, verhalten sich so, als w\u00fcrde der Besucher diese andere Website besuchen.<\/p>\n<p>Diese Websites k\u00f6nnten Daten \u00fcber Sie sammeln, Cookies verwenden, Tracking-Tools von Drittanbietern einbetten, Ihre Interaktionen mit diesen eingebetteten Inhalten verfolgen, wenn Sie ein eingeloggtes Konto auf ihrer Website haben.<\/p>\n<h2>Verwendung und Weitergabe Ihrer pers\u00f6nlichen Daten<\/h2>\n<p>Wenn du ein Zur\u00fccksetzen deines Passworts anforderst, wird deine IP-Adresse in der E-Mail zum Zur\u00fccksetzen enthalten sein.<\/p>\n<h2>Speicherfristen f\u00fcr Ihre Daten<\/h2>\n<p>Wenn Sie einen Kommentar hinterlassen, werden der Kommentar und seine Metadaten auf unbestimmte Zeit gespeichert. Dadurch werden nachfolgende Kommentare automatisch erkannt und genehmigt, anstatt sie in der Moderationswarteschlange zu belassen.<\/p>\n<p>F\u00fcr Konten, die sich auf unserer Seite registrieren (falls zutreffend), speichern wir auch die in ihrem Profil angegebenen pers\u00f6nlichen Daten. Alle Konten k\u00f6nnen ihre pers\u00f6nlichen Informationen jederzeit einsehen, \u00e4ndern oder l\u00f6schen (mit Ausnahme ihres Benutzernamens). Auch die Verwalter der Website k\u00f6nnen diese Informationen einsehen und \u00e4ndern.<\/p>\n<h2>Die Rechte, die Sie \u00fcber Ihre Daten haben<\/h2>\n<p>Wenn Sie ein Konto haben oder Kommentare auf der Website hinterlassen haben, k\u00f6nnen Sie eine Datei anfordern, die alle personenbezogenen Daten enth\u00e4lt, die wir \u00fcber Sie haben, einschlie\u00dflich der Daten, die Sie uns zur Verf\u00fcgung gestellt haben. Sie k\u00f6nnen auch die L\u00f6schung Ihrer personenbezogenen Daten verlangen. Dies gilt nicht f\u00fcr Daten, die f\u00fcr administrative, rechtliche oder Sicherheitszwecke gespeichert werden.<\/p>\n<h2>\u00dcbermittlung Ihrer pers\u00f6nlichen Daten<\/h2>\n<p>Die Kommentare von Besuchern k\u00f6nnen mithilfe eines automatisierten Dienstes zur Erkennung unerw\u00fcnschter Kommentare \u00fcberpr\u00fcft werden.<\/p>\n<\/div><div class=\"fusion-text fusion-text-2\"><h2>Statistiken und Messung des Publikums<\/h2>\n<p>Wir verwenden Google analytics, um das Publikum zu messen<\/p>\n<\/div><div class=\"fusion-text fusion-text-3\"><h2>Google Web Policies<\/h2>\n<p>F\u00fcr eine einheitliche Darstellung von Schriftarten verwendet diese Seite Webfonts, die von Google bereitgestellt werden. Wenn Sie eine Seite \u00f6ffnen, l\u00e4dt Ihr Browser die erforderlichen Webfonts in den Cache Ihres Browsers, um Texte und Schriftarten korrekt anzuzeigen.<\/p>\n<p>Zu diesem Zweck muss Ihr Browser eine direkte Verbindung mit den Servern von Google herstellen. Google erlangt so \u00fcber Ihre IP-Adresse Kenntnis dar\u00fcber, dass unsere Webseite aufgerufen wurde. Die Verwendung von Google Web Fonts erfolgt im Interesse einer einheitlichen und ansprechenden Darstellung unseres Plugins. Dies stellt ein berechtigtes Interesse im Sinne von Art. 6 (1) (f) DSGVO.<\/p>\n<p>Wenn Ihr Browser keine Webfonts unterst\u00fctzt, wird eine Standardschriftart von Ihrem Computer verwendet.<\/p>\n<p>Weitere Informationen \u00fcber die Verarbeitung von Nutzerdaten finden Sie unter <a href=\"https:\/\/developers.google.com\/fonts\/faq\">https:\/\/developers.google.com\/fonts\/faq<\/a> und in der Datenschutzerkl\u00e4rung von Google unter <a href=\"https:\/\/www.google.com\/policies\/privacy\/\">https:\/\/www.google.com\/policies\/privacy\/<\/a>.<\/p>\n<\/div><div class=\"fusion-privacy-element fusion-privacy-element-1\"><div class=\"fusion-privacy-form-intro\"><h2>R\u00e9glages des cookies<\/h2>\n<\/div><form id=\"fusion-privacy-form-1\" method=\"post\" class=\"fusion-privacy-form fusion-privacy-form-stacked\"><ul><li><label for=\"tracking\"><input name=\"consents[]\" type=\"checkbox\" value=\"tracking\" checked id=\"tracking\">Tracking Cookies<\/label><\/li><\/ul><input type=\"hidden\" name=\"_wp_http_referer\" value=\"\/de\/wp-json\/wp\/v2\/pages\/1300\" \/><input type=\"hidden\" name=\"privacyformid\" value=\"1\"><input type=\"hidden\" name=\"consents[]\" value=\"consent\"><input class=\"fusion-button fusion-button-default fusion-button-default-size\" type=\"submit\" value=\"Update\" ><\/form><\/div><\/div><style type=\"text\/css\">.fusion-body .fusion-builder-column-0{width:100% !important;margin-top : 0px;margin-bottom : 0px;}.fusion-builder-column-0 > .fusion-column-wrapper {padding-top : 0px !important;padding-right : 0px !important;margin-right : 1.92%;padding-bottom : 0px !important;padding-left : 0px !important;margin-left : 1.92%;}@media only screen and (max-width:1100px) {.fusion-body .fusion-builder-column-0{width:100% !important;}.fusion-builder-column-0 > .fusion-column-wrapper {margin-right : 1.92%;margin-left : 1.92%;}}@media only screen and (max-width:750px) {.fusion-body .fusion-builder-column-0{width:100% !important;}.fusion-builder-column-0 > .fusion-column-wrapper {margin-right : 1.92%;margin-left : 1.92%;}}<\/style><\/div><\/div><style type=\"text\/css\">.fusion-body .fusion-flex-container.fusion-builder-row-1{ padding-top : 0px;margin-top : 0px;padding-right : 0px;padding-bottom : 0px;margin-bottom : 0px;padding-left : 0px;}<\/style><\/div>\n","protected":false},"excerpt":{"rendered":"","protected":false},"author":1,"featured_media":0,"parent":0,"menu_order":0,"comment_status":"closed","ping_status":"closed","template":"100-width.php","meta":[],"yoast_head":"<!-- This site is optimized with the Yoast SEO plugin v19.3 - https:\/\/yoast.com\/wordpress\/plugins\/seo\/ -->\n<title>Datenschutzrichtlinie - Sa\u00f4ne Plaisance Hausbootvermietung und Boote ohne F\u00fchrerschein in Burgund<\/title>\n<meta name=\"robots\" content=\"index, follow, max-snippet:-1, max-image-preview:large, max-video-preview:-1\" \/>\n<link rel=\"canonical\" href=\"https:\/\/www.saone-plaisance.com\/de\/datenschutzrichtlinie\/\" \/>\n<meta property=\"og:locale\" content=\"de_DE\" \/>\n<meta property=\"og:type\" content=\"article\" \/>\n<meta property=\"og:title\" content=\"Datenschutzrichtlinie - Sa\u00f4ne Plaisance Hausbootvermietung und Boote ohne F\u00fchrerschein in Burgund\" \/>\n<meta property=\"og:url\" content=\"https:\/\/www.saone-plaisance.com\/de\/datenschutzrichtlinie\/\" \/>\n<meta property=\"og:site_name\" content=\"Sa\u00f4ne Plaisance\" \/>\n<meta property=\"article:modified_time\" content=\"2022-08-08T10:30:25+00:00\" \/>\n<meta name=\"twitter:card\" content=\"summary_large_image\" \/>\n<meta name=\"twitter:label1\" content=\"Gesch\u00e4tzte Lesezeit\" \/>\n\t<meta name=\"twitter:data1\" content=\"5\u00a0Minuten\" \/>\n<script type=\"application\/ld+json\" class=\"yoast-schema-graph\">{\"@context\":\"https:\/\/schema.org\",\"@graph\":[{\"@type\":\"WebSite\",\"@id\":\"https:\/\/www.saone-plaisance.com\/fr\/#website\",\"url\":\"https:\/\/www.saone-plaisance.com\/fr\/\",\"name\":\"Sa\u00f4ne Plaisance\",\"description\":\"Hausbootvermietung und Boote ohne F\u00fchrerschein in Burgund\",\"potentialAction\":[{\"@type\":\"SearchAction\",\"target\":{\"@type\":\"EntryPoint\",\"urlTemplate\":\"https:\/\/www.saone-plaisance.com\/fr\/?s={search_term_string}\"},\"query-input\":\"required name=search_term_string\"}],\"inLanguage\":\"de\"},{\"@type\":\"WebPage\",\"@id\":\"https:\/\/www.saone-plaisance.com\/de\/datenschutzrichtlinie\/\",\"url\":\"https:\/\/www.saone-plaisance.com\/de\/datenschutzrichtlinie\/\",\"name\":\"Datenschutzrichtlinie - Sa\u00f4ne Plaisance Hausbootvermietung und Boote ohne F\u00fchrerschein in Burgund\",\"isPartOf\":{\"@id\":\"https:\/\/www.saone-plaisance.com\/fr\/#website\"},\"datePublished\":\"2022-05-13T13:12:19+00:00\",\"dateModified\":\"2022-08-08T10:30:25+00:00\",\"breadcrumb\":{\"@id\":\"https:\/\/www.saone-plaisance.com\/de\/datenschutzrichtlinie\/#breadcrumb\"},\"inLanguage\":\"de\",\"potentialAction\":[{\"@type\":\"ReadAction\",\"target\":[\"https:\/\/www.saone-plaisance.com\/de\/datenschutzrichtlinie\/\"]}]},{\"@type\":\"BreadcrumbList\",\"@id\":\"https:\/\/www.saone-plaisance.com\/de\/datenschutzrichtlinie\/#breadcrumb\",\"itemListElement\":[{\"@type\":\"ListItem\",\"position\":1,\"name\":\"Startseite\",\"item\":\"https:\/\/www.saone-plaisance.com\/de\/startseite\/\"},{\"@type\":\"ListItem\",\"position\":2,\"name\":\"Datenschutzrichtlinie\"}]}]}<\/script>\n<!-- \/ Yoast SEO plugin. -->","yoast_head_json":{"title":"Datenschutzrichtlinie - Sa\u00f4ne Plaisance Hausbootvermietung und Boote ohne F\u00fchrerschein in Burgund","robots":{"index":"index","follow":"follow","max-snippet":"max-snippet:-1","max-image-preview":"max-image-preview:large","max-video-preview":"max-video-preview:-1"},"canonical":"https:\/\/www.saone-plaisance.com\/de\/datenschutzrichtlinie\/","og_locale":"de_DE","og_type":"article","og_title":"Datenschutzrichtlinie - Sa\u00f4ne Plaisance Hausbootvermietung und Boote ohne F\u00fchrerschein in Burgund","og_url":"https:\/\/www.saone-plaisance.com\/de\/datenschutzrichtlinie\/","og_site_name":"Sa\u00f4ne Plaisance","article_modified_time":"2022-08-08T10:30:25+00:00","twitter_card":"summary_large_image","twitter_misc":{"Gesch\u00e4tzte Lesezeit":"5\u00a0Minuten"},"schema":{"@context":"https:\/\/schema.org","@graph":[{"@type":"WebSite","@id":"https:\/\/www.saone-plaisance.com\/fr\/#website","url":"https:\/\/www.saone-plaisance.com\/fr\/","name":"Sa\u00f4ne Plaisance","description":"Hausbootvermietung und Boote ohne F\u00fchrerschein in Burgund","potentialAction":[{"@type":"SearchAction","target":{"@type":"EntryPoint","urlTemplate":"https:\/\/www.saone-plaisance.com\/fr\/?s={search_term_string}"},"query-input":"required name=search_term_string"}],"inLanguage":"de"},{"@type":"WebPage","@id":"https:\/\/www.saone-plaisance.com\/de\/datenschutzrichtlinie\/","url":"https:\/\/www.saone-plaisance.com\/de\/datenschutzrichtlinie\/","name":"Datenschutzrichtlinie - Sa\u00f4ne Plaisance Hausbootvermietung und Boote ohne F\u00fchrerschein in Burgund","isPartOf":{"@id":"https:\/\/www.saone-plaisance.com\/fr\/#website"},"datePublished":"2022-05-13T13:12:19+00:00","dateModified":"2022-08-08T10:30:25+00:00","breadcrumb":{"@id":"https:\/\/www.saone-plaisance.com\/de\/datenschutzrichtlinie\/#breadcrumb"},"inLanguage":"de","potentialAction":[{"@type":"ReadAction","target":["https:\/\/www.saone-plaisance.com\/de\/datenschutzrichtlinie\/"]}]},{"@type":"BreadcrumbList","@id":"https:\/\/www.saone-plaisance.com\/de\/datenschutzrichtlinie\/#breadcrumb","itemListElement":[{"@type":"ListItem","position":1,"name":"Startseite","item":"https:\/\/www.saone-plaisance.com\/de\/startseite\/"},{"@type":"ListItem","position":2,"name":"Datenschutzrichtlinie"}]}]}},"_links":{"self":[{"href":"https:\/\/www.saone-plaisance.com\/de\/wp-json\/wp\/v2\/pages\/1300"}],"collection":[{"href":"https:\/\/www.saone-plaisance.com\/de\/wp-json\/wp\/v2\/pages"}],"about":[{"href":"https:\/\/www.saone-plaisance.com\/de\/wp-json\/wp\/v2\/types\/page"}],"author":[{"embeddable":true,"href":"https:\/\/www.saone-plaisance.com\/de\/wp-json\/wp\/v2\/users\/1"}],"replies":[{"embeddable":true,"href":"https:\/\/www.saone-plaisance.com\/de\/wp-json\/wp\/v2\/comments?post=1300"}],"version-history":[{"count":4,"href":"https:\/\/www.saone-plaisance.com\/de\/wp-json\/wp\/v2\/pages\/1300\/revisions"}],"predecessor-version":[{"id":2350,"href":"https:\/\/www.saone-plaisance.com\/de\/wp-json\/wp\/v2\/pages\/1300\/revisions\/2350"}],"wp:attachment":[{"href":"https:\/\/www.saone-plaisance.com\/de\/wp-json\/wp\/v2\/media?parent=1300"}],"curies":[{"name":"wp","href":"https:\/\/api.w.org\/{rel}","templated":true}]}}