{"id":1303,"date":"2022-05-17T14:32:00","date_gmt":"2022-05-17T12:32:00","guid":{"rendered":"http:\/\/saone-plaisance.info\/rechtliche-hinweise\/"},"modified":"2022-08-08T12:28:43","modified_gmt":"2022-08-08T10:28:43","slug":"rechtliche-hinweise","status":"publish","type":"page","link":"https:\/\/www.saone-plaisance.com\/de\/rechtliche-hinweise\/","title":{"rendered":"Rechtliche Hinweise"},"content":{"rendered":"<div class=\"fusion-fullwidth fullwidth-box fusion-builder-row-1 fusion-flex-container nonhundred-percent-fullwidth non-hundred-percent-height-scrolling\" style=\"background-color: rgba(255,255,255,0);background-position: center center;background-repeat: no-repeat;border-width: 0px 0px 0px 0px;border-color:#e2e2e2;border-style:solid;\" ><div class=\"fusion-builder-row fusion-row fusion-flex-align-items-flex-start\" style=\"max-width:1352px;margin-left: calc(-4% \/ 2 );margin-right: calc(-4% \/ 2 );\"><div class=\"fusion-layout-column fusion_builder_column fusion-builder-column-0 fusion_builder_column_1_1 1_1 fusion-flex-column\"><div class=\"fusion-column-wrapper fusion-flex-justify-content-flex-start fusion-content-layout-column\" style=\"background-position:left top;background-repeat:no-repeat;-webkit-background-size:cover;-moz-background-size:cover;-o-background-size:cover;background-size:cover;padding: 0px 0px 0px 0px;\"><div class=\"fusion-text fusion-text-1\"><p><a href=\"https:\/\/www.saone-plaisance.com\/\">www.saone-plaisance.com<\/a> ist Eigentum von Sa\u00f4ne Plaisance und gleichzeitig seine offizielle Website.<\/p>\n<p>Der Nutzer dieser Website wird insbesondere dar\u00fcber informiert, dass gem\u00e4\u00df Artikel 32 des ge\u00e4nderten Gesetzes \u00fcber Informatik und Freiheiten vom 6. Januar 1978 die Informationen, die er \u00fcber die Formulare auf dieser Website \u00fcbermittelt, f\u00fcr die Beantwortung seiner Anfrage notwendig sind und f\u00fcr die Abteilungen bestimmt sind, die f\u00fcr die Beantwortung seiner Anfrage zust\u00e4ndig sind, um diese Anfrage weiterzuverfolgen.<\/p>\n<p>Gem\u00e4\u00df den Bestimmungen der Artikel 39 und 40 des Gesetzes &#8222;Informatique et Libert\u00e9s&#8220; vom 6. Januar 1978, ge\u00e4ndert 2004, hat der Nutzer ein Recht auf Zugang, Berichtigung, Aktualisierung und L\u00f6schung der ihn betreffenden Informationen, das er aus\u00fcben kann, indem er sich an folgende Adresse wendet <a href=\"mailto:accueil.mairie@messery.fr\">info@saone-plaisance.com<\/a>oder per Post an <strong>Sa\u00f4ne Plaisance Port de Savoyeux B.P. 5 70130 SEVEUX<\/strong>Bitte geben Sie in der Betreffzeile &#8222;Personenrecht&#8220; an und f\u00fcgen Sie eine Kopie Ihres Personalausweises bei.<\/p>\n<p>Gem\u00e4\u00df den Bestimmungen der Artikel 6-III und 19 des Gesetzes Nr. 2004-575 vom 21. Juni 2004 \u00fcber das Vertrauen in die digitale Wirtschaft, auch L.C.E.N. genannt, bringen wir den Nutzern und Besuchern der Website: <a href=\"https:\/\/www.saone-plaisance.com\">www.saone-plaisance.com<\/a> folgende Informationen zur Kenntnis:<\/p>\n<h3 class=\"fusion-responsive-typography-calculated\" data-fontsize=\"27\" data-lineheight=\"35.1px\">Vertreten durch :<\/h3>\n<p>Sa\u00f4ne Plaisance<\/p>\n<h3 class=\"fusion-responsive-typography-calculated\" data-fontsize=\"27\" data-lineheight=\"35.1px\">Koordinaten :<\/h3>\n<p>Sa\u00f4ne Plaisance<br \/>Port de Savoyeux<br \/>B.P. 5<br \/>70130 SEVEUX<\/p>\n<p><strong>Hosting : <\/strong><\/p>\n<p><strong><a href=\"https:\/\/www.ionos.fr\/\">IONOS<\/a><\/strong><br \/>7 Pl. de la Gare, 57200 Sarreguemines<\/p>\n<p><strong>Erstellung : <\/strong><a href=\"https:\/\/www.sply-prod.com\/\"><strong>Sply Prod<\/strong><\/a><\/p>\n<\/div><\/div><style type=\"text\/css\">.fusion-body .fusion-builder-column-0{width:100% !important;margin-top : 0px;margin-bottom : 20px;}.fusion-builder-column-0 > .fusion-column-wrapper {padding-top : 0px !important;padding-right : 0px !important;margin-right : 1.92%;padding-bottom : 0px !important;padding-left : 0px !important;margin-left : 1.92%;}@media only screen and (max-width:1100px) {.fusion-body .fusion-builder-column-0{width:100% !important;order : 0;}.fusion-builder-column-0 > .fusion-column-wrapper {margin-right : 1.92%;margin-left : 1.92%;}}@media only screen and (max-width:750px) {.fusion-body .fusion-builder-column-0{width:100% !important;order : 0;}.fusion-builder-column-0 > .fusion-column-wrapper {margin-right : 1.92%;margin-left : 1.92%;}}<\/style><\/div><\/div><style type=\"text\/css\">.fusion-body .fusion-flex-container.fusion-builder-row-1{ padding-top : 0px;margin-top : 0px;padding-right : 0px;padding-bottom : 0px;margin-bottom : 0px;padding-left : 0px;}<\/style><\/div>\n","protected":false},"excerpt":{"rendered":"","protected":false},"author":1,"featured_media":0,"parent":0,"menu_order":0,"comment_status":"closed","ping_status":"closed","template":"","meta":[],"yoast_head":"<!-- This site is optimized with the Yoast SEO plugin v19.3 - https:\/\/yoast.com\/wordpress\/plugins\/seo\/ -->\n<title>Rechtliche Hinweise - Sa\u00f4ne Plaisance Hausbootvermietung und Boote ohne F\u00fchrerschein in Burgund<\/title>\n<meta name=\"robots\" content=\"index, follow, max-snippet:-1, max-image-preview:large, max-video-preview:-1\" \/>\n<link rel=\"canonical\" href=\"https:\/\/www.saone-plaisance.com\/de\/rechtliche-hinweise\/\" \/>\n<meta property=\"og:locale\" content=\"de_DE\" \/>\n<meta property=\"og:type\" content=\"article\" \/>\n<meta property=\"og:title\" content=\"Rechtliche Hinweise - Sa\u00f4ne Plaisance Hausbootvermietung und Boote ohne F\u00fchrerschein in Burgund\" \/>\n<meta property=\"og:url\" content=\"https:\/\/www.saone-plaisance.com\/de\/rechtliche-hinweise\/\" \/>\n<meta property=\"og:site_name\" content=\"Sa\u00f4ne Plaisance\" \/>\n<meta property=\"article:modified_time\" content=\"2022-08-08T10:28:43+00:00\" \/>\n<meta name=\"twitter:card\" content=\"summary_large_image\" \/>\n<meta name=\"twitter:label1\" content=\"Gesch\u00e4tzte Lesezeit\" \/>\n\t<meta name=\"twitter:data1\" content=\"4\u00a0Minuten\" \/>\n<script type=\"application\/ld+json\" class=\"yoast-schema-graph\">{\"@context\":\"https:\/\/schema.org\",\"@graph\":[{\"@type\":\"WebSite\",\"@id\":\"https:\/\/www.saone-plaisance.com\/fr\/#website\",\"url\":\"https:\/\/www.saone-plaisance.com\/fr\/\",\"name\":\"Sa\u00f4ne Plaisance\",\"description\":\"Hausbootvermietung und Boote ohne F\u00fchrerschein in Burgund\",\"potentialAction\":[{\"@type\":\"SearchAction\",\"target\":{\"@type\":\"EntryPoint\",\"urlTemplate\":\"https:\/\/www.saone-plaisance.com\/fr\/?s={search_term_string}\"},\"query-input\":\"required name=search_term_string\"}],\"inLanguage\":\"de\"},{\"@type\":\"WebPage\",\"@id\":\"https:\/\/www.saone-plaisance.com\/de\/rechtliche-hinweise\/\",\"url\":\"https:\/\/www.saone-plaisance.com\/de\/rechtliche-hinweise\/\",\"name\":\"Rechtliche Hinweise - Sa\u00f4ne Plaisance Hausbootvermietung und Boote ohne F\u00fchrerschein in Burgund\",\"isPartOf\":{\"@id\":\"https:\/\/www.saone-plaisance.com\/fr\/#website\"},\"datePublished\":\"2022-05-17T12:32:00+00:00\",\"dateModified\":\"2022-08-08T10:28:43+00:00\",\"breadcrumb\":{\"@id\":\"https:\/\/www.saone-plaisance.com\/de\/rechtliche-hinweise\/#breadcrumb\"},\"inLanguage\":\"de\",\"potentialAction\":[{\"@type\":\"ReadAction\",\"target\":[\"https:\/\/www.saone-plaisance.com\/de\/rechtliche-hinweise\/\"]}]},{\"@type\":\"BreadcrumbList\",\"@id\":\"https:\/\/www.saone-plaisance.com\/de\/rechtliche-hinweise\/#breadcrumb\",\"itemListElement\":[{\"@type\":\"ListItem\",\"position\":1,\"name\":\"Startseite\",\"item\":\"https:\/\/www.saone-plaisance.com\/de\/startseite\/\"},{\"@type\":\"ListItem\",\"position\":2,\"name\":\"Rechtliche Hinweise\"}]}]}<\/script>\n<!-- \/ Yoast SEO plugin. -->","yoast_head_json":{"title":"Rechtliche Hinweise - Sa\u00f4ne Plaisance Hausbootvermietung und Boote ohne F\u00fchrerschein in Burgund","robots":{"index":"index","follow":"follow","max-snippet":"max-snippet:-1","max-image-preview":"max-image-preview:large","max-video-preview":"max-video-preview:-1"},"canonical":"https:\/\/www.saone-plaisance.com\/de\/rechtliche-hinweise\/","og_locale":"de_DE","og_type":"article","og_title":"Rechtliche Hinweise - Sa\u00f4ne Plaisance Hausbootvermietung und Boote ohne F\u00fchrerschein in Burgund","og_url":"https:\/\/www.saone-plaisance.com\/de\/rechtliche-hinweise\/","og_site_name":"Sa\u00f4ne Plaisance","article_modified_time":"2022-08-08T10:28:43+00:00","twitter_card":"summary_large_image","twitter_misc":{"Gesch\u00e4tzte Lesezeit":"4\u00a0Minuten"},"schema":{"@context":"https:\/\/schema.org","@graph":[{"@type":"WebSite","@id":"https:\/\/www.saone-plaisance.com\/fr\/#website","url":"https:\/\/www.saone-plaisance.com\/fr\/","name":"Sa\u00f4ne Plaisance","description":"Hausbootvermietung und Boote ohne F\u00fchrerschein in Burgund","potentialAction":[{"@type":"SearchAction","target":{"@type":"EntryPoint","urlTemplate":"https:\/\/www.saone-plaisance.com\/fr\/?s={search_term_string}"},"query-input":"required name=search_term_string"}],"inLanguage":"de"},{"@type":"WebPage","@id":"https:\/\/www.saone-plaisance.com\/de\/rechtliche-hinweise\/","url":"https:\/\/www.saone-plaisance.com\/de\/rechtliche-hinweise\/","name":"Rechtliche Hinweise - Sa\u00f4ne Plaisance Hausbootvermietung und Boote ohne F\u00fchrerschein in Burgund","isPartOf":{"@id":"https:\/\/www.saone-plaisance.com\/fr\/#website"},"datePublished":"2022-05-17T12:32:00+00:00","dateModified":"2022-08-08T10:28:43+00:00","breadcrumb":{"@id":"https:\/\/www.saone-plaisance.com\/de\/rechtliche-hinweise\/#breadcrumb"},"inLanguage":"de","potentialAction":[{"@type":"ReadAction","target":["https:\/\/www.saone-plaisance.com\/de\/rechtliche-hinweise\/"]}]},{"@type":"BreadcrumbList","@id":"https:\/\/www.saone-plaisance.com\/de\/rechtliche-hinweise\/#breadcrumb","itemListElement":[{"@type":"ListItem","position":1,"name":"Startseite","item":"https:\/\/www.saone-plaisance.com\/de\/startseite\/"},{"@type":"ListItem","position":2,"name":"Rechtliche Hinweise"}]}]}},"_links":{"self":[{"href":"https:\/\/www.saone-plaisance.com\/de\/wp-json\/wp\/v2\/pages\/1303"}],"collection":[{"href":"https:\/\/www.saone-plaisance.com\/de\/wp-json\/wp\/v2\/pages"}],"about":[{"href":"https:\/\/www.saone-plaisance.com\/de\/wp-json\/wp\/v2\/types\/page"}],"author":[{"embeddable":true,"href":"https:\/\/www.saone-plaisance.com\/de\/wp-json\/wp\/v2\/users\/1"}],"replies":[{"embeddable":true,"href":"https:\/\/www.saone-plaisance.com\/de\/wp-json\/wp\/v2\/comments?post=1303"}],"version-history":[{"count":4,"href":"https:\/\/www.saone-plaisance.com\/de\/wp-json\/wp\/v2\/pages\/1303\/revisions"}],"predecessor-version":[{"id":2346,"href":"https:\/\/www.saone-plaisance.com\/de\/wp-json\/wp\/v2\/pages\/1303\/revisions\/2346"}],"wp:attachment":[{"href":"https:\/\/www.saone-plaisance.com\/de\/wp-json\/wp\/v2\/media?parent=1303"}],"curies":[{"name":"wp","href":"https:\/\/api.w.org\/{rel}","templated":true}]}}