{"id":1306,"date":"2022-05-16T13:51:46","date_gmt":"2022-05-16T11:51:46","guid":{"rendered":"http:\/\/saone-plaisance.info\/unsere-preise\/allgemeine-mietbedingungen\/"},"modified":"2022-07-14T17:17:18","modified_gmt":"2022-07-14T15:17:18","slug":"allgemeine-mietbedingungen","status":"publish","type":"page","link":"https:\/\/www.saone-plaisance.com\/de\/unsere-preise\/allgemeine-mietbedingungen\/","title":{"rendered":"Allgemeine mietbedingungen"},"content":{"rendered":"<div class=\"fusion-fullwidth fullwidth-box fusion-builder-row-1 fusion-flex-container nonhundred-percent-fullwidth non-hundred-percent-height-scrolling\" style=\"background-color: rgba(255,255,255,0);background-position: center center;background-repeat: no-repeat;border-width: 0px 0px 0px 0px;border-color:#e2e2e2;border-style:solid;\" ><div class=\"fusion-builder-row fusion-row fusion-flex-align-items-flex-start\" style=\"max-width:1352px;margin-left: calc(-4% \/ 2 );margin-right: calc(-4% \/ 2 );\"><div class=\"fusion-layout-column fusion_builder_column fusion-builder-column-0 fusion_builder_column_1_1 1_1 fusion-flex-column\"><div class=\"fusion-column-wrapper fusion-flex-justify-content-flex-start fusion-content-layout-column\" style=\"background-position:left top;background-repeat:no-repeat;-webkit-background-size:cover;-moz-background-size:cover;-o-background-size:cover;background-size:cover;padding: 0px 0px 0px 0px;\"><div class=\"fusion-text fusion-text-1\"><p><strong>1. Reservation<\/strong><br \/>\nDie Reservation kann via Telefon, Fax oder e-mail erfolgen. Nach Empfang des Reservationsformulars Via Internet reserviert Nachdem Sie die Best\u00e4tigung Ihrer Buchung per e-mail. Erhalten haben, wird ein Akonto von 40 % f\u00e4llig. Dieses k\u00f6nnen Sie online mit Ihrer Karte, mit Scheck (Reisescheck oder Scheck Ihrer Bank) oder mit Bank\u00fcberweisung bezahlen.<br \/>\nDer Saldo wird einen Monat vor der Abreise f\u00e4llig. F\u00fcr eine Reservation von weniger als 6 Wochen vor Ihrer Abreise, ist bei Abschluss der Reservation der gesamte Mietpreis sofort f\u00e4llig.<br \/>\n<strong><br \/>\n2. Boots\u00fcbernahme<\/strong><br \/>\nDer Mieter muss mindestens 18 Jahre alt sein. Sa\u00f4ne-Plaisance beh\u00e4lt sich das Recht vor, den Abfahrts- und Ankunftshafen zu ver\u00e4ndern oder die Reiserichtung von Einwegfahrten auszuwechseln, ohne dass dies Anrecht auf eine Annullation gibt. Die Schifffahrt auf Fl\u00fcssen und Kan\u00e4len kann unter gewissen Umst\u00e4nden, unabh\u00e4ngig vom Willen von Sa\u00f4ne-Plaisance in Folge von Reparaturen der Ufer, Ausbaggerung der Kan\u00e4le, Unterhaltsarbeiten, Streik, \u00dcberschwemmungen, Trockenheit, usw , ausgesetzt werden Die Gesellschaft Sa\u00f4ne-Plaisance beh\u00e4lt sich das Recht vor, den Navigationssektor im Falle einer von ihrem Willen unabh\u00e4ngigen Beeinflussung der Strecke, einzuschr\u00e4nken. Die Boots\u00fcbernahme durch den Mieter erfolgt nach vollst\u00e4ndiger Bezahlung des Mietpreises und Hinterlegung der Kaution. Nur unter diesen Bedingungen \u00fcbergibt Sa\u00f4ne-Plaisance dem Mieter ein Boot in einwandfreiem Navigationszustand, ausger\u00fcstet und versichert gem\u00e4ss den Gesetzen und der Reglementierung der f\u00fcr diese Art von Schifffahrt zust\u00e4ndigen Beh\u00f6rden. Sa\u00f4ne-Plaisance erstellt dem Mieter im Auftrag der Beh\u00f6rden eine Fahrtbewilligung (carte de plaisance), g\u00fcltig f\u00fcr die Schifffahrt auf Fl\u00fcssen und Kan\u00e4len f\u00fcr die daf\u00fcr vorgesehene Zeitperiode.<br \/>\n<strong><br \/>\n3. Benutzung des Bootes und Verantwortung<\/strong><br \/>\nDer Mieter verpflichtet sich, das Boot verantwortungsbewusst zu gebrauchen und die Reglementierungen von Schifffahrtsdienst und Polizei zu respektieren. Das Schiff darf nicht von Minderj\u00e4hrigen gesteuert werden. Der Mieter erh\u00e4lt die f\u00fcr das F\u00fchren des Bootes n\u00f6tige Ausbildung und Instruktion bei der \u00dcbernahme des Bootes. Sa\u00f4ne-Plaisance beh\u00e4lt sich Recht vor, die \u00dcbergabe des Bootes abzulehnen, wenn ihr der Kapit\u00e4n nicht \u00fcber die n\u00f6tigen Kompetenzen zu verf\u00fcgen scheint, oder aus anderen Gr\u00fcnden, die sie nicht zu rechtfertigen braucht. In diesem speziellen Falle ist der Mietvertrag aufgel\u00f6st und es wird die bereits bezahlte Miete (ausser der Bearbeitungsgeb\u00fchr) zur\u00fcckerstattet, ohne dass eine der beteiligten Parteien Schadenersatz fordern kann. Der Mieter verpflichtet sich, das Boot nur zu pers\u00f6nlichen Zwecken zu nutzen. Jede andere Aktivit\u00e4t wie gesch\u00e4ftliche Operationen, Berufsfischerei, Transport, Werbung, usw. sind formell verboten. Der Mieter verpflichtet sich auch, die gesetzlich erlaubte Anzahl Personen auf dem Schiff nicht zu \u00fcberschreiten. Sa\u00f4ne-Plaisance lehnt jede Verantwortung ab, f\u00fcr den Fall, dass die genannten Verbote nicht eingehalten werden.Ein Mieter, welcher vors\u00e4tzlich oder aus Versehen Fehler von gr\u00f6sserer Tragweite begangen hat, hat sich gegen\u00fcber dem Schifffahrtsdienst im Falle von Prozessen, Schulden, Bussen und Strafen selber zu verantworten . Das Abschleppen eines Bootes, die Navigation bei Nacht oder auf dem Meer, die Untervermietung und das Verleihen des Bootes sind strikte verboten.<br \/>\n<strong><br \/>\n4. Annullierungsversicherung<\/strong><\/p>\n<p>Der Abschluss einer Annullierungsversicherung ist f\u00fcr den Mieter obligatorisch. Diese Versicherung deckt im Falle einer Annullation die bereits bezahlten Betr\u00e4ge und die gegen\u00fcber Sa\u00f4ne-Plaisance noch ausstehenden Pflichten ab. Die Versicherung tritt in Kraft wenn der Mieter die vollst\u00e4ndige Liste der Besatzung angegeben und den Zuschlag f\u00fcr die Annullierungsversicherung bezahlt hat. Der Versicherungsschutz ist in folgenden F\u00e4llen g\u00fcltig : -Schwere Krankheit, welche eine Bettl\u00e4gerigkeit zur Folge hat &#8211; Unfall, der die selbst\u00e4ndige Bewegungsfreiheit verunm\u00f6glicht &#8211; Tod eines Besatzungsmitgliedes oder dessen naher Verwandtschaft: Lebenspartner, Mutter, Vater, Kind, Schwester, Bruder, Schwiegertochter, Schwiegersohn -Schwere Besch\u00e4digung Ihres Wohnsitzes &#8211; Berufliche Ver\u00e4nderung &#8211; Entlassung aus wirtschaftlichen Gr\u00fcnden (die Deckung erstreckt sich auf alle Besatzungsmitglieder).Die Ursache der aufgef\u00fchrten Beispiele darf nicht vor dem Reservierungsdatum liegen. Jede Annullierung muss Sa\u00f4ne-Plaisance durch eine schriftliche Erkl\u00e4rung sp\u00e4testens 5 Tage nach dem Ereignis bekanntgegeben werden. Die Erkl\u00e4rung muss mit belegenden Dokumenten vervollst\u00e4ndigt werden; K\u00fcndigung, Arztzeugnis, Sterbeurkunde, usw. Die Pr\u00e4mie f\u00fcr die Annullierungsversicherung wird nicht zur\u00fcckerstattet. Sa\u00f4ne-Plaisance beh\u00e4lt sich das Recht vor zu entscheiden, ob die beschriebenen Ereignisse in den Rahmen der Versicherung fallen. Im Falle einer Annullierung ergibt sich eine Bearbeitungsgeb\u00fchr von 92 \u20ac sowie die Versicherungspr\u00e4mie.<\/p>\n<p><strong>Annulation<\/strong><br \/>\nIm Falle einer Annullation ohne Annullationsversicherung mehr als 6 Wochen vor der Abfahrt beh\u00e4lt Sa\u00f4ne-Plaisance 20% des Mietpreises zur\u00fcck. Nach diesem Termin ist der Mieter f\u00fcr die Bezahlung des vollen Mietpreises verantwortlich.<br \/>\n<strong><br \/>\n6. Unfall und Materialschaden<\/strong><br \/>\nIm Falle einer Panne oder eines Unfalls ist der Mieter verpflichtet, Sa\u00f4ne-Plaisance umgehend zu benachrichtigen. Sa\u00f4ne-Plaisance gibt dann alle n\u00f6tigen Hinweise und Informationen. Der Mieter enth\u00e4lt sich jeder Eigeninitiative, welche nicht durch einen Notfall zwingend wird. R\u00fcckerstattung oder Schadenersatz auf Grund eines Schadens w\u00e4hrend der Mietperiode kann nicht geleistet werden, unabh\u00e4ngig von der Ursache. Der Mieter ist verpflichtet, Materialverlust oder Diebstahl sowie besch\u00e4digte Ausr\u00fcstung sofort bei der Ankunft im Hafen zu melden. Sa\u00f4ne-Plaisance beh\u00e4lt sich das Recht vor, fehlendes oder besch\u00e4digtes Material zu verrechnen.<br \/>\n<strong><br \/>\n7. Technische Unterst\u00fctzung und Pannendienst<\/strong><br \/>\nW\u00e4hrend der \u00fcblichen Bootssaison verpflichtet sich Sa\u00f4ne-Plaisance, technische Unterst\u00fctzung, w\u00e4hrend der normalen Arbeitszeiten von Montag bis Sonntag zu leisten. Sa\u00f4ne-Plaisance greift so schnell ein, wie der Personal- und Materialbestand es zul\u00e4sst. Besteht f\u00fcr den Mieter der Verdacht einer Panne, muss er Sa\u00f4ne-Plaisance sofort benachrichtigen, damit der eventuelle Schaden rechtzeitig behoben werden kann. Der Mieter kann in keinem Fall eine Entsch\u00e4digung beanspruchen; sei dies wegen eines Schadens, einer mechanischen Panne oder aus einem anderen Grund. Ist die Unaufmerksamkeit oder Fahrl\u00e4ssigkeit des Mieters Ursache einer Besch\u00e4digung oder einer Panne, beh\u00e4lt sich Sa\u00f4ne-Plaisance das Recht vor, dem Mieter die Kosten der Wiederinstandstellung in Rechnung zu stellen.<br \/>\n<strong><br \/>\n8. Einschr\u00e4nkung oder Unterbruch der Schifffahrt<\/strong><br \/>\nSa\u00f4ne-Plaisance lehnt jede Haftung f\u00fcr Ausgaben oder Zeitaufwand, bedingt durch einen Unterbruch der Schifffahrt oder einer Einschr\u00e4nkung des Navigationssektors in Folge einer Reparatur, Ausbaggerung der Kan\u00e4le, Unterhaltsarbeiten, Streik, \u00dcberschwemmungen, Trockenheit oder aus einem anderen Grund ab.<br \/>\n<strong><br \/>\n9. Versicherung<\/strong><br \/>\nSa\u00f4ne Plaisance versichert das Boot, die Ausr\u00fcstung, sowie die Haftung des Mieters als Pilot des Bootes gegen\u00fcber Dritten. Die Besatzung ist nicht versichert. Auch wenn der Mieter f\u00fcr jede Besch\u00e4digung verantwortlich ist, erstreckt sich seine Haftung nur in H\u00f6he der bei Sa\u00f4ne-Plaisance deponierten Kaution. Die Versicherung von Sa\u00f4ne-Plaisance deckt keine pers\u00f6nlichen G\u00fcter des Mieters und haftet auf keinen Fall f\u00fcr deren Verlust oder Besch\u00e4digung.<br \/>\n<strong><br \/>\n10. Beschreibung der Boote<\/strong><br \/>\nDie Beschreibung, die Eigenheiten und der Grundriss der Boote, welche sich in den Werbedokumenten befinden, k\u00f6nnen Abweichungen beinhnhalten und sind lediglich als grundlegende Information zu verstehen. Gewisse Boote gleichen Typs k\u00f6nnen geringe Unterschiede aufweisen.<br \/>\n<strong><br \/>\n11. Bootr\u00fcckgabe<\/strong><br \/>\nDer Mieter muss das Boot am R\u00fcckgabetag um 09:00 verlassen haben. Sa\u00f4ne-Plaisance beh\u00e4lt sich das Recht vor, dem Mieter jede Stunde Versp\u00e4tung nach 09:30 in Rechnung zu stellen (Versp\u00e4tung oder Nichteintreffen im Hafen).<br \/>\n<strong><br \/>\n12. Anzuwendendes Recht und Vertrag<\/strong><br \/>\nUnsere allgemeinen Mietbedingungen sind konform mit dem Abkommen des Flusstourismus. Im Streitfall ist einzig der Gerichtsstand von F-70100 GRAY zust\u00e4ndig. Das f\u00fcr diesen Vertrag anwendbare Gesetz ist allein das franz\u00f6sische Gesetz.<\/p>\n<\/div><\/div><style type=\"text\/css\">.fusion-body .fusion-builder-column-0{width:100% !important;margin-top : 0px;margin-bottom : 20px;}.fusion-builder-column-0 > .fusion-column-wrapper {padding-top : 0px !important;padding-right : 0px !important;margin-right : 1.92%;padding-bottom : 0px !important;padding-left : 0px !important;margin-left : 1.92%;}@media only screen and (max-width:1100px) {.fusion-body .fusion-builder-column-0{width:100% !important;order : 0;}.fusion-builder-column-0 > .fusion-column-wrapper {margin-right : 1.92%;margin-left : 1.92%;}}@media only screen and (max-width:750px) {.fusion-body .fusion-builder-column-0{width:100% !important;order : 0;}.fusion-builder-column-0 > .fusion-column-wrapper {margin-right : 1.92%;margin-left : 1.92%;}}<\/style><\/div><\/div><style type=\"text\/css\">.fusion-body .fusion-flex-container.fusion-builder-row-1{ padding-top : 0px;margin-top : 0px;padding-right : 0px;padding-bottom : 0px;margin-bottom : 0px;padding-left : 0px;}<\/style><\/div>\n","protected":false},"excerpt":{"rendered":"","protected":false},"author":1,"featured_media":0,"parent":1297,"menu_order":0,"comment_status":"closed","ping_status":"closed","template":"100-width.php","meta":[],"yoast_head":"<!-- This site is optimized with the Yoast SEO plugin v19.3 - https:\/\/yoast.com\/wordpress\/plugins\/seo\/ -->\n<title>Allgemeine mietbedingungen - Sa\u00f4ne Plaisance Hausbootvermietung und Boote ohne F\u00fchrerschein in Burgund<\/title>\n<meta name=\"robots\" content=\"index, follow, max-snippet:-1, max-image-preview:large, max-video-preview:-1\" \/>\n<link rel=\"canonical\" href=\"https:\/\/www.saone-plaisance.com\/de\/unsere-preise\/allgemeine-mietbedingungen\/\" \/>\n<meta property=\"og:locale\" content=\"de_DE\" \/>\n<meta property=\"og:type\" content=\"article\" \/>\n<meta property=\"og:title\" content=\"Allgemeine mietbedingungen - Sa\u00f4ne Plaisance Hausbootvermietung und Boote ohne F\u00fchrerschein in Burgund\" \/>\n<meta property=\"og:url\" content=\"https:\/\/www.saone-plaisance.com\/de\/unsere-preise\/allgemeine-mietbedingungen\/\" \/>\n<meta property=\"og:site_name\" content=\"Sa\u00f4ne Plaisance\" \/>\n<meta property=\"article:modified_time\" content=\"2022-07-14T15:17:18+00:00\" \/>\n<meta name=\"twitter:card\" content=\"summary_large_image\" \/>\n<meta name=\"twitter:label1\" content=\"Gesch\u00e4tzte Lesezeit\" \/>\n\t<meta name=\"twitter:data1\" content=\"8\u00a0Minuten\" \/>\n<script type=\"application\/ld+json\" class=\"yoast-schema-graph\">{\"@context\":\"https:\/\/schema.org\",\"@graph\":[{\"@type\":\"WebSite\",\"@id\":\"https:\/\/www.saone-plaisance.com\/fr\/#website\",\"url\":\"https:\/\/www.saone-plaisance.com\/fr\/\",\"name\":\"Sa\u00f4ne Plaisance\",\"description\":\"Hausbootvermietung und Boote ohne F\u00fchrerschein in Burgund\",\"potentialAction\":[{\"@type\":\"SearchAction\",\"target\":{\"@type\":\"EntryPoint\",\"urlTemplate\":\"https:\/\/www.saone-plaisance.com\/fr\/?s={search_term_string}\"},\"query-input\":\"required name=search_term_string\"}],\"inLanguage\":\"de\"},{\"@type\":\"WebPage\",\"@id\":\"https:\/\/www.saone-plaisance.com\/de\/unsere-preise\/allgemeine-mietbedingungen\/\",\"url\":\"https:\/\/www.saone-plaisance.com\/de\/unsere-preise\/allgemeine-mietbedingungen\/\",\"name\":\"Allgemeine mietbedingungen - Sa\u00f4ne Plaisance Hausbootvermietung und Boote ohne F\u00fchrerschein in Burgund\",\"isPartOf\":{\"@id\":\"https:\/\/www.saone-plaisance.com\/fr\/#website\"},\"datePublished\":\"2022-05-16T11:51:46+00:00\",\"dateModified\":\"2022-07-14T15:17:18+00:00\",\"breadcrumb\":{\"@id\":\"https:\/\/www.saone-plaisance.com\/de\/unsere-preise\/allgemeine-mietbedingungen\/#breadcrumb\"},\"inLanguage\":\"de\",\"potentialAction\":[{\"@type\":\"ReadAction\",\"target\":[\"https:\/\/www.saone-plaisance.com\/de\/unsere-preise\/allgemeine-mietbedingungen\/\"]}]},{\"@type\":\"BreadcrumbList\",\"@id\":\"https:\/\/www.saone-plaisance.com\/de\/unsere-preise\/allgemeine-mietbedingungen\/#breadcrumb\",\"itemListElement\":[{\"@type\":\"ListItem\",\"position\":1,\"name\":\"Startseite\",\"item\":\"https:\/\/www.saone-plaisance.com\/de\/startseite\/\"},{\"@type\":\"ListItem\",\"position\":2,\"name\":\"Unsere Preise\",\"item\":\"https:\/\/www.saone-plaisance.com\/de\/unsere-preise\/\"},{\"@type\":\"ListItem\",\"position\":3,\"name\":\"Allgemeine mietbedingungen\"}]}]}<\/script>\n<!-- \/ Yoast SEO plugin. -->","yoast_head_json":{"title":"Allgemeine mietbedingungen - Sa\u00f4ne Plaisance Hausbootvermietung und Boote ohne F\u00fchrerschein in Burgund","robots":{"index":"index","follow":"follow","max-snippet":"max-snippet:-1","max-image-preview":"max-image-preview:large","max-video-preview":"max-video-preview:-1"},"canonical":"https:\/\/www.saone-plaisance.com\/de\/unsere-preise\/allgemeine-mietbedingungen\/","og_locale":"de_DE","og_type":"article","og_title":"Allgemeine mietbedingungen - Sa\u00f4ne Plaisance Hausbootvermietung und Boote ohne F\u00fchrerschein in Burgund","og_url":"https:\/\/www.saone-plaisance.com\/de\/unsere-preise\/allgemeine-mietbedingungen\/","og_site_name":"Sa\u00f4ne Plaisance","article_modified_time":"2022-07-14T15:17:18+00:00","twitter_card":"summary_large_image","twitter_misc":{"Gesch\u00e4tzte Lesezeit":"8\u00a0Minuten"},"schema":{"@context":"https:\/\/schema.org","@graph":[{"@type":"WebSite","@id":"https:\/\/www.saone-plaisance.com\/fr\/#website","url":"https:\/\/www.saone-plaisance.com\/fr\/","name":"Sa\u00f4ne Plaisance","description":"Hausbootvermietung und Boote ohne F\u00fchrerschein in Burgund","potentialAction":[{"@type":"SearchAction","target":{"@type":"EntryPoint","urlTemplate":"https:\/\/www.saone-plaisance.com\/fr\/?s={search_term_string}"},"query-input":"required name=search_term_string"}],"inLanguage":"de"},{"@type":"WebPage","@id":"https:\/\/www.saone-plaisance.com\/de\/unsere-preise\/allgemeine-mietbedingungen\/","url":"https:\/\/www.saone-plaisance.com\/de\/unsere-preise\/allgemeine-mietbedingungen\/","name":"Allgemeine mietbedingungen - Sa\u00f4ne Plaisance Hausbootvermietung und Boote ohne F\u00fchrerschein in Burgund","isPartOf":{"@id":"https:\/\/www.saone-plaisance.com\/fr\/#website"},"datePublished":"2022-05-16T11:51:46+00:00","dateModified":"2022-07-14T15:17:18+00:00","breadcrumb":{"@id":"https:\/\/www.saone-plaisance.com\/de\/unsere-preise\/allgemeine-mietbedingungen\/#breadcrumb"},"inLanguage":"de","potentialAction":[{"@type":"ReadAction","target":["https:\/\/www.saone-plaisance.com\/de\/unsere-preise\/allgemeine-mietbedingungen\/"]}]},{"@type":"BreadcrumbList","@id":"https:\/\/www.saone-plaisance.com\/de\/unsere-preise\/allgemeine-mietbedingungen\/#breadcrumb","itemListElement":[{"@type":"ListItem","position":1,"name":"Startseite","item":"https:\/\/www.saone-plaisance.com\/de\/startseite\/"},{"@type":"ListItem","position":2,"name":"Unsere Preise","item":"https:\/\/www.saone-plaisance.com\/de\/unsere-preise\/"},{"@type":"ListItem","position":3,"name":"Allgemeine mietbedingungen"}]}]}},"_links":{"self":[{"href":"https:\/\/www.saone-plaisance.com\/de\/wp-json\/wp\/v2\/pages\/1306"}],"collection":[{"href":"https:\/\/www.saone-plaisance.com\/de\/wp-json\/wp\/v2\/pages"}],"about":[{"href":"https:\/\/www.saone-plaisance.com\/de\/wp-json\/wp\/v2\/types\/page"}],"author":[{"embeddable":true,"href":"https:\/\/www.saone-plaisance.com\/de\/wp-json\/wp\/v2\/users\/1"}],"replies":[{"embeddable":true,"href":"https:\/\/www.saone-plaisance.com\/de\/wp-json\/wp\/v2\/comments?post=1306"}],"version-history":[{"count":2,"href":"https:\/\/www.saone-plaisance.com\/de\/wp-json\/wp\/v2\/pages\/1306\/revisions"}],"predecessor-version":[{"id":1308,"href":"https:\/\/www.saone-plaisance.com\/de\/wp-json\/wp\/v2\/pages\/1306\/revisions\/1308"}],"up":[{"embeddable":true,"href":"https:\/\/www.saone-plaisance.com\/de\/wp-json\/wp\/v2\/pages\/1297"}],"wp:attachment":[{"href":"https:\/\/www.saone-plaisance.com\/de\/wp-json\/wp\/v2\/media?parent=1306"}],"curies":[{"name":"wp","href":"https:\/\/api.w.org\/{rel}","templated":true}]}}