{"id":1314,"date":"2022-05-16T13:54:32","date_gmt":"2022-05-16T11:54:32","guid":{"rendered":"http:\/\/saone-plaisance.info\/empfohlenen-kurs\/unsere-basen\/"},"modified":"2022-08-08T11:17:49","modified_gmt":"2022-08-08T09:17:49","slug":"unsere-basen","status":"publish","type":"page","link":"https:\/\/www.saone-plaisance.com\/de\/empfohlenen-kurs\/unsere-basen\/","title":{"rendered":"Unsere Basen"},"content":{"rendered":"<div class=\"fusion-fullwidth fullwidth-box fusion-builder-row-1 fusion-flex-container hundred-percent-fullwidth non-hundred-percent-height-scrolling\" style=\"background-color: var(--awb-color3);background-position: center center;background-repeat: no-repeat;border-width: 0px 0px 0px 0px;border-color:#e2e2e2;border-style:solid;\" ><div class=\"fusion-builder-row fusion-row fusion-flex-align-items-stretch\" style=\"width:calc( 100% + 0px ) !important;max-width:calc( 100% + 0px ) !important;margin-left: calc(-0px \/ 2 );margin-right: calc(-0px \/ 2 );\"><div class=\"fusion-layout-column fusion_builder_column fusion-builder-column-0 fusion_builder_column_1_2 1_2 fusion-flex-column\"><div class=\"fusion-column-wrapper fusion-flex-justify-content-flex-start fusion-content-layout-column\" style=\"background-position:left top;background-repeat:no-repeat;-webkit-background-size:cover;-moz-background-size:cover;-o-background-size:cover;background-size:cover;padding: 10% 13% 10% 13%;\"><div class=\"fusion-text fusion-text-1\"><p>Das Team von Sa\u00f4ne Plaisance empf\u00e4ngt Sie im Hafen von Savoyeux, in der N\u00e4he von Gray (70, Haute-Sa\u00f4ne) in der Franche-Comt\u00e9.<\/p>\n<p>Sie haben die M\u00f6glichkeit, in den H\u00e4fen von Savoyeux (70) oder Louhans (71, Sa\u00f4ne-et-Loire) in S\u00fcdburgund an Bord zu gehen und Ihre Bootsfahrt zu starten, je nachdem, welche Strecke Sie w\u00e4hlen.<\/p>\n<p>Die einfache Hinfahrt ist ein zus\u00e4tzlicher Service, der nicht garantiert werden kann. Fragen Sie uns nach einer telefonischen Best\u00e4tigung 48 Stunden vor dem Abfahrtstermin.<\/p>\n<\/div><\/div><style type=\"text\/css\">.fusion-body .fusion-builder-column-0{width:50% !important;margin-top : 0px;margin-bottom : 0px;}.fusion-builder-column-0 > .fusion-column-wrapper {padding-top : 10% !important;padding-right : 13% !important;margin-right : 0;padding-bottom : 10% !important;padding-left : 13% !important;margin-left : 0;}@media only screen and (max-width:1100px) {.fusion-body .fusion-builder-column-0{width:50% !important;order : 0;}.fusion-builder-column-0 > .fusion-column-wrapper {margin-right : 0;margin-left : 0;}}@media only screen and (max-width:750px) {.fusion-body .fusion-builder-column-0{width:100% !important;order : 0;}.fusion-builder-column-0 > .fusion-column-wrapper {margin-right : 0;margin-left : 0;}}<\/style><\/div><div class=\"fusion-layout-column fusion_builder_column fusion-builder-column-1 fusion_builder_column_1_2 1_2 fusion-flex-column\"><div class=\"fusion-column-wrapper lazyload fusion-flex-justify-content-flex-start fusion-content-layout-column fusion-empty-column-bg-image\" style=\"background-position:center center;background-repeat:no-repeat;-webkit-background-size:cover;-moz-background-size:cover;-o-background-size:cover;background-size:cover;padding: 0px 0px 0px 0px;\" data-bg-url=\"https:\/\/www.saone-plaisance.com\/wp-content\/uploads\/2022\/05\/13580648_1211990945499235_1865655079133851356_o.jpg\" data-bg=\"https:\/\/www.saone-plaisance.com\/wp-content\/uploads\/2022\/05\/13580648_1211990945499235_1865655079133851356_o.jpg\"><img class=\"fusion-empty-dims-img-placeholder fusion-no-large-visibility fusion-no-medium-visibility\" src=\"data:image\/svg+xml,%3Csvg%20xmlns%3D%27http%3A%2F%2Fwww.w3.org%2F2000%2Fsvg%27%20width%3D%272048%27%20height%3D%271536%27%20viewBox%3D%270%200%202048%201536%27%3E%3Crect%20width%3D%272048%27%20height%3D%271536%27%20fill-opacity%3D%220%22%2F%3E%3C%2Fsvg%3E\"><\/div><style type=\"text\/css\">.fusion-body .fusion-builder-column-1{width:50% !important;margin-top : -60px;margin-bottom : 0px;}.fusion-builder-column-1 > .fusion-column-wrapper {padding-top : 0px !important;padding-right : 0px !important;margin-right : 0;padding-bottom : 0px !important;padding-left : 0px !important;margin-left : 0;}@media only screen and (max-width:1100px) {.fusion-body .fusion-builder-column-1{width:50% !important;order : 0;}.fusion-builder-column-1 > .fusion-column-wrapper {margin-right : 0;margin-left : 0;}}@media only screen and (max-width:750px) {.fusion-body .fusion-builder-column-1{width:100% !important;order : 0;margin-top : 0;}.fusion-builder-column-1 > .fusion-column-wrapper {margin-right : 0;margin-left : 0;}}<\/style><\/div><\/div><style type=\"text\/css\">.fusion-body .fusion-flex-container.fusion-builder-row-1{ padding-top : 0px;margin-top : 90px;padding-right : 0px;padding-bottom : 50px;margin-bottom : 50px;padding-left : 0px;}@media only screen and (max-width:750px) {.fusion-body .fusion-flex-container.fusion-builder-row-1{ margin-top : 0;}}<\/style><\/div>\n","protected":false},"excerpt":{"rendered":"","protected":false},"author":1,"featured_media":0,"parent":1291,"menu_order":0,"comment_status":"closed","ping_status":"closed","template":"100-width.php","meta":[],"yoast_head":"<!-- This site is optimized with the Yoast SEO plugin v19.3 - https:\/\/yoast.com\/wordpress\/plugins\/seo\/ -->\n<title>Unsere Basen - Sa\u00f4ne Plaisance Hausbootvermietung und Boote ohne F\u00fchrerschein in Burgund<\/title>\n<meta name=\"robots\" content=\"index, follow, max-snippet:-1, max-image-preview:large, max-video-preview:-1\" \/>\n<link rel=\"canonical\" href=\"https:\/\/www.saone-plaisance.com\/de\/empfohlenen-kurs\/unsere-basen\/\" \/>\n<meta property=\"og:locale\" content=\"de_DE\" \/>\n<meta property=\"og:type\" content=\"article\" \/>\n<meta property=\"og:title\" content=\"Unsere Basen - Sa\u00f4ne Plaisance Hausbootvermietung und Boote ohne F\u00fchrerschein in Burgund\" \/>\n<meta property=\"og:url\" content=\"https:\/\/www.saone-plaisance.com\/de\/empfohlenen-kurs\/unsere-basen\/\" \/>\n<meta property=\"og:site_name\" content=\"Sa\u00f4ne Plaisance\" \/>\n<meta property=\"article:modified_time\" content=\"2022-08-08T09:17:49+00:00\" \/>\n<meta name=\"twitter:card\" content=\"summary_large_image\" \/>\n<meta name=\"twitter:label1\" content=\"Gesch\u00e4tzte Lesezeit\" \/>\n\t<meta name=\"twitter:data1\" content=\"4\u00a0Minuten\" \/>\n<script type=\"application\/ld+json\" class=\"yoast-schema-graph\">{\"@context\":\"https:\/\/schema.org\",\"@graph\":[{\"@type\":\"WebSite\",\"@id\":\"https:\/\/www.saone-plaisance.com\/fr\/#website\",\"url\":\"https:\/\/www.saone-plaisance.com\/fr\/\",\"name\":\"Sa\u00f4ne Plaisance\",\"description\":\"Hausbootvermietung und Boote ohne F\u00fchrerschein in Burgund\",\"potentialAction\":[{\"@type\":\"SearchAction\",\"target\":{\"@type\":\"EntryPoint\",\"urlTemplate\":\"https:\/\/www.saone-plaisance.com\/fr\/?s={search_term_string}\"},\"query-input\":\"required name=search_term_string\"}],\"inLanguage\":\"de\"},{\"@type\":\"WebPage\",\"@id\":\"https:\/\/www.saone-plaisance.com\/de\/empfohlenen-kurs\/unsere-basen\/\",\"url\":\"https:\/\/www.saone-plaisance.com\/de\/empfohlenen-kurs\/unsere-basen\/\",\"name\":\"Unsere Basen - Sa\u00f4ne Plaisance Hausbootvermietung und Boote ohne F\u00fchrerschein in Burgund\",\"isPartOf\":{\"@id\":\"https:\/\/www.saone-plaisance.com\/fr\/#website\"},\"datePublished\":\"2022-05-16T11:54:32+00:00\",\"dateModified\":\"2022-08-08T09:17:49+00:00\",\"breadcrumb\":{\"@id\":\"https:\/\/www.saone-plaisance.com\/de\/empfohlenen-kurs\/unsere-basen\/#breadcrumb\"},\"inLanguage\":\"de\",\"potentialAction\":[{\"@type\":\"ReadAction\",\"target\":[\"https:\/\/www.saone-plaisance.com\/de\/empfohlenen-kurs\/unsere-basen\/\"]}]},{\"@type\":\"BreadcrumbList\",\"@id\":\"https:\/\/www.saone-plaisance.com\/de\/empfohlenen-kurs\/unsere-basen\/#breadcrumb\",\"itemListElement\":[{\"@type\":\"ListItem\",\"position\":1,\"name\":\"Startseite\",\"item\":\"https:\/\/www.saone-plaisance.com\/de\/startseite\/\"},{\"@type\":\"ListItem\",\"position\":2,\"name\":\"Empfohlenen Kurs\",\"item\":\"https:\/\/www.saone-plaisance.com\/de\/empfohlenen-kurs\/\"},{\"@type\":\"ListItem\",\"position\":3,\"name\":\"Unsere Basen\"}]}]}<\/script>\n<!-- \/ Yoast SEO plugin. -->","yoast_head_json":{"title":"Unsere Basen - Sa\u00f4ne Plaisance Hausbootvermietung und Boote ohne F\u00fchrerschein in Burgund","robots":{"index":"index","follow":"follow","max-snippet":"max-snippet:-1","max-image-preview":"max-image-preview:large","max-video-preview":"max-video-preview:-1"},"canonical":"https:\/\/www.saone-plaisance.com\/de\/empfohlenen-kurs\/unsere-basen\/","og_locale":"de_DE","og_type":"article","og_title":"Unsere Basen - Sa\u00f4ne Plaisance Hausbootvermietung und Boote ohne F\u00fchrerschein in Burgund","og_url":"https:\/\/www.saone-plaisance.com\/de\/empfohlenen-kurs\/unsere-basen\/","og_site_name":"Sa\u00f4ne Plaisance","article_modified_time":"2022-08-08T09:17:49+00:00","twitter_card":"summary_large_image","twitter_misc":{"Gesch\u00e4tzte Lesezeit":"4\u00a0Minuten"},"schema":{"@context":"https:\/\/schema.org","@graph":[{"@type":"WebSite","@id":"https:\/\/www.saone-plaisance.com\/fr\/#website","url":"https:\/\/www.saone-plaisance.com\/fr\/","name":"Sa\u00f4ne Plaisance","description":"Hausbootvermietung und Boote ohne F\u00fchrerschein in Burgund","potentialAction":[{"@type":"SearchAction","target":{"@type":"EntryPoint","urlTemplate":"https:\/\/www.saone-plaisance.com\/fr\/?s={search_term_string}"},"query-input":"required name=search_term_string"}],"inLanguage":"de"},{"@type":"WebPage","@id":"https:\/\/www.saone-plaisance.com\/de\/empfohlenen-kurs\/unsere-basen\/","url":"https:\/\/www.saone-plaisance.com\/de\/empfohlenen-kurs\/unsere-basen\/","name":"Unsere Basen - Sa\u00f4ne Plaisance Hausbootvermietung und Boote ohne F\u00fchrerschein in Burgund","isPartOf":{"@id":"https:\/\/www.saone-plaisance.com\/fr\/#website"},"datePublished":"2022-05-16T11:54:32+00:00","dateModified":"2022-08-08T09:17:49+00:00","breadcrumb":{"@id":"https:\/\/www.saone-plaisance.com\/de\/empfohlenen-kurs\/unsere-basen\/#breadcrumb"},"inLanguage":"de","potentialAction":[{"@type":"ReadAction","target":["https:\/\/www.saone-plaisance.com\/de\/empfohlenen-kurs\/unsere-basen\/"]}]},{"@type":"BreadcrumbList","@id":"https:\/\/www.saone-plaisance.com\/de\/empfohlenen-kurs\/unsere-basen\/#breadcrumb","itemListElement":[{"@type":"ListItem","position":1,"name":"Startseite","item":"https:\/\/www.saone-plaisance.com\/de\/startseite\/"},{"@type":"ListItem","position":2,"name":"Empfohlenen Kurs","item":"https:\/\/www.saone-plaisance.com\/de\/empfohlenen-kurs\/"},{"@type":"ListItem","position":3,"name":"Unsere Basen"}]}]}},"_links":{"self":[{"href":"https:\/\/www.saone-plaisance.com\/de\/wp-json\/wp\/v2\/pages\/1314"}],"collection":[{"href":"https:\/\/www.saone-plaisance.com\/de\/wp-json\/wp\/v2\/pages"}],"about":[{"href":"https:\/\/www.saone-plaisance.com\/de\/wp-json\/wp\/v2\/types\/page"}],"author":[{"embeddable":true,"href":"https:\/\/www.saone-plaisance.com\/de\/wp-json\/wp\/v2\/users\/1"}],"replies":[{"embeddable":true,"href":"https:\/\/www.saone-plaisance.com\/de\/wp-json\/wp\/v2\/comments?post=1314"}],"version-history":[{"count":7,"href":"https:\/\/www.saone-plaisance.com\/de\/wp-json\/wp\/v2\/pages\/1314\/revisions"}],"predecessor-version":[{"id":2320,"href":"https:\/\/www.saone-plaisance.com\/de\/wp-json\/wp\/v2\/pages\/1314\/revisions\/2320"}],"up":[{"embeddable":true,"href":"https:\/\/www.saone-plaisance.com\/de\/wp-json\/wp\/v2\/pages\/1291"}],"wp:attachment":[{"href":"https:\/\/www.saone-plaisance.com\/de\/wp-json\/wp\/v2\/media?parent=1314"}],"curies":[{"name":"wp","href":"https:\/\/api.w.org\/{rel}","templated":true}]}}