{"id":138,"date":"2022-05-16T13:58:04","date_gmt":"2022-05-16T11:58:04","guid":{"rendered":"http:\/\/saone-plaisance.info\/?page_id=138"},"modified":"2025-03-26T15:51:48","modified_gmt":"2025-03-26T14:51:48","slug":"nos-tarifs-travaux","status":"publish","type":"page","link":"https:\/\/www.saone-plaisance.com\/fr\/chantier-naval\/nos-tarifs-travaux\/","title":{"rendered":"Nos tarifs travaux"},"content":{"rendered":"<p><div class=\"fusion-fullwidth fullwidth-box fusion-builder-row-1 fusion-flex-container nonhundred-percent-fullwidth non-hundred-percent-height-scrolling\" style=\"background-color: rgba(255,255,255,0);background-position: center center;background-repeat: no-repeat;border-width: 0px 0px 0px 0px;border-color:#e2e2e2;border-style:solid;\" ><div class=\"fusion-builder-row fusion-row fusion-flex-align-items-flex-start\" style=\"max-width:1352px;margin-left: calc(-4% \/ 2 );margin-right: calc(-4% \/ 2 );\"><div class=\"fusion-layout-column fusion_builder_column fusion-builder-column-0 fusion_builder_column_1_1 1_1 fusion-flex-column\"><div class=\"fusion-column-wrapper fusion-flex-justify-content-flex-start fusion-content-layout-column\" style=\"background-position:left top;background-repeat:no-repeat;-webkit-background-size:cover;-moz-background-size:cover;-o-background-size:cover;background-size:cover;padding: 0px 0px 0px 0px;\"><style type=\"text\/css\">@media only screen and (max-width:1100px) {.fusion-title.fusion-title-1{margin-top:10px!important; margin-right:!important;margin-bottom:15px!important;margin-left:!important;}}@media only screen and (max-width:750px) {.fusion-title.fusion-title-1{margin-top:10px!important; margin-right:!important;margin-bottom:10px!important; margin-left:!important;}}<\/style><div class=\"fusion-title title fusion-title-1 fusion-sep-none fusion-title-text fusion-title-size-two\" style=\"margin-top:10px;margin-bottom:15px;\"><h2 class=\"title-heading-left fusion-responsive-typography-calculated\" style=\"margin:0;--fontSize:40;line-height:1.2;\">Stationnement au port<\/h2><\/div><div class=\"fusion-text fusion-text-1\"><p>(dans l\u2019eau ou la terre *\u00ab sans bers \u00bb)<\/p>\n<table class=\"tableizer-table tableizer-table-2col\">\n<tbody>\n<tr>\n<td>\n<h6>Stationnement Bateau annuel au ponton ou \u00e0 terre :<\/h6>\n<p><a href=\"https:\/\/www.saone-plaisance.com\/wp-content\/uploads\/2025\/03\/SAONE-PLAISANCE-TARIF-STATIONNEMENT-2025-BAT2.pdf\">TARIF T\u00e9l\u00e9chargeable PDF<\/a><\/p>\n<div>\u00a0<\/div>\n<div>\n<p><b>Le m\u00e8tre lin\u00e9aire (inclus : eau).<\/b><\/p>\n<p><i>Exemple, pour un bateau de 10 m\u00e8tres 1 020 \u20ac TTC<\/i><\/p>\n<p>Prix du KW : 0.30 \u20ac (facturation au 1er KW consomm\u00e9).<\/p>\n<\/div>\n<\/td>\n<td>\n<div><strong>110 \u20ac TTC<br \/><\/strong><\/div>\n<\/td>\n<\/tr>\n<tr>\n<td>\n<h6>Stationnement trimestriel au ponton ou \u00e0 terre :<\/h6>\n<p><b>Le m\u00e8tre lin\u00e9aire (inclus : eau).<\/b><\/p>\n<p>Prix du KW : 0.30 \u20ac (facturation au 1er KW consomm\u00e9).<\/p>\n<\/td>\n<td>\n<div><strong>36 \u20ac TTC<\/strong><\/div>\n<\/td>\n<\/tr>\n<tr>\n<td>\n<div>\n<h6>Stationnement mensuel au ponton<\/h6>\n<\/div>\n<div><strong>Le m\u00e8tre lin\u00e9aire<\/strong><\/div>\n<\/td>\n<td>\n<div><strong>22 \u20ac TTC<\/strong><\/div>\n<\/td>\n<\/tr>\n<tr>\n<td>\n<div>\n<h6>Stationnement Hebdomadaire au ponton<\/h6>\n<\/div>\n<\/td>\n<td>\n<div><strong>11 \u20ac TTC<\/strong><\/div>\n<\/td>\n<\/tr>\n<tr>\n<td>\n<div>\n<h6>Stationnement nuit\u00e9e au ponton<\/h6>\n<\/div>\n<\/td>\n<td>\n<div><strong>12 \u20ac TTC<\/strong><\/div>\n<\/td>\n<\/tr>\n<tr>\n<td>\n<h6>Eau (nuit\u00e9e)<\/h6>\n<\/td>\n<td>\n<div><strong>3 \u20ac TTC<\/strong><\/div>\n<\/td>\n<\/tr>\n<tr>\n<td>\n<h6>Electricit\u00e9 (nuit\u00e9e)<\/h6>\n<\/td>\n<td>\n<div><strong>4 \u20ac TTC<\/strong><\/div>\n<\/td>\n<\/tr>\n<\/tbody>\n<\/table>\n<\/div><\/div><style type=\"text\/css\">.fusion-body .fusion-builder-column-0{width:100% !important;margin-top : 0px;margin-bottom : 20px;}.fusion-builder-column-0 > .fusion-column-wrapper {padding-top : 0px !important;padding-right : 0px !important;margin-right : 1.92%;padding-bottom : 0px !important;padding-left : 0px !important;margin-left : 1.92%;}@media only screen and (max-width:1100px) {.fusion-body .fusion-builder-column-0{width:100% !important;order : 0;}.fusion-builder-column-0 > .fusion-column-wrapper {margin-right : 1.92%;margin-left : 1.92%;}}@media only screen and (max-width:750px) {.fusion-body .fusion-builder-column-0{width:100% !important;order : 0;}.fusion-builder-column-0 > .fusion-column-wrapper {margin-right : 1.92%;margin-left : 1.92%;}}<\/style><\/div><\/div><style type=\"text\/css\">.fusion-body .fusion-flex-container.fusion-builder-row-1{ padding-top : 0px;margin-top : 0px;padding-right : 0px;padding-bottom : 0px;margin-bottom : 50px;padding-left : 0px;}<\/style><\/div><div class=\"fusion-fullwidth fullwidth-box fusion-builder-row-2 fusion-flex-container nonhundred-percent-fullwidth non-hundred-percent-height-scrolling\" style=\"background-color: rgba(255,255,255,0);background-position: center center;background-repeat: no-repeat;border-width: 0px 0px 0px 0px;border-color:#e2e2e2;border-style:solid;\" ><div class=\"fusion-builder-row fusion-row fusion-flex-align-items-flex-start\" style=\"max-width:1352px;margin-left: calc(-4% \/ 2 );margin-right: calc(-4% \/ 2 );\"><div class=\"fusion-layout-column fusion_builder_column fusion-builder-column-1 fusion_builder_column_1_1 1_1 fusion-flex-column\"><div class=\"fusion-column-wrapper fusion-flex-justify-content-flex-start fusion-content-layout-column\" style=\"background-position:left top;background-repeat:no-repeat;-webkit-background-size:cover;-moz-background-size:cover;-o-background-size:cover;background-size:cover;padding: 0px 0px 0px 0px;\"><style type=\"text\/css\">@media only screen and (max-width:1100px) {.fusion-title.fusion-title-2{margin-top:10px!important; margin-right:!important;margin-bottom:15px!important;margin-left:!important;}}@media only screen and (max-width:750px) {.fusion-title.fusion-title-2{margin-top:10px!important; margin-right:!important;margin-bottom:10px!important; margin-left:!important;}}<\/style><div class=\"fusion-title title fusion-title-2 fusion-sep-none fusion-title-text fusion-title-size-two\" style=\"margin-top:10px;margin-bottom:15px;\"><h2 class=\"title-heading-left fusion-responsive-typography-calculated\" style=\"margin:0;--fontSize:40;line-height:1.2;\">Manutention au ber hydraulique<\/h2><\/div><div class=\"fusion-text fusion-text-2\"><table class=\"tableizer-table tableizer-table-2col\">\n<tbody>\n<tr>\n<td>\n<div>Sortie du bateau (jusqu&rsquo;\u00e0 10 Tonnes)<br \/>au dessus <a href=\"http:\/\/saone-plaisance.info\/chantier-naval\/contact\/\" target=\"_blank\" rel=\"noopener\">nous consulter<\/a><\/div>\n<\/td>\n<td>\n<div><strong>220 \u20ac TTC<\/strong><\/div>\n<\/td>\n<\/tr>\n<tr>\n<td>\n<div>Remise \u00e0 l&rsquo;eau du bateau (jusqu&rsquo;\u00e0 10 Tonnes)<\/div>\n<\/td>\n<td>\n<div><strong>220 \u20ac TTC<\/strong><\/div>\n<\/td>\n<\/tr>\n<tr>\n<td>Tirage \u00e0 terre de 10 \u00e0 30 tonnes : <span style=\"background-color: transparent; font-family: var(--body_typography-font-family); font-size: var(--body_typography-font-size); font-style: var(--body_typography-font-style,normal); font-weight: var(--body_typography-font-weight); letter-spacing: var(--body_typography-letter-spacing);\">sortie\/remise \u00e0 l\u2019eau<\/span><\/td>\n<td>\n<div><strong>650 \u20ac TTC <\/strong><\/div>\n<\/td>\n<\/tr>\n<tr>\n<td>\n<div>Location de bers mensuel<\/div>\n<\/td>\n<td>\n<div><strong>22 \u20ac TTC<\/strong><\/div>\n<\/td>\n<\/tr>\n<\/tbody>\n<\/table>\n<p><em>Sont compris dans le prix : Location des sangles et la manutention de calage (bers de calage non fournie)<\/em><\/p>\n<\/div><\/div><style type=\"text\/css\">.fusion-body .fusion-builder-column-1{width:100% !important;margin-top : 0px;margin-bottom : 20px;}.fusion-builder-column-1 > .fusion-column-wrapper {padding-top : 0px !important;padding-right : 0px !important;margin-right : 1.92%;padding-bottom : 0px !important;padding-left : 0px !important;margin-left : 1.92%;}@media only screen and (max-width:1100px) {.fusion-body .fusion-builder-column-1{width:100% !important;order : 0;}.fusion-builder-column-1 > .fusion-column-wrapper {margin-right : 1.92%;margin-left : 1.92%;}}@media only screen and (max-width:750px) {.fusion-body .fusion-builder-column-1{width:100% !important;order : 0;}.fusion-builder-column-1 > .fusion-column-wrapper {margin-right : 1.92%;margin-left : 1.92%;}}<\/style><\/div><\/div><style type=\"text\/css\">.fusion-body .fusion-flex-container.fusion-builder-row-2{ padding-top : 0px;margin-top : 0px;padding-right : 0px;padding-bottom : 0px;margin-bottom : 50px;padding-left : 0px;}<\/style><\/div><div class=\"fusion-fullwidth fullwidth-box fusion-builder-row-3 fusion-flex-container nonhundred-percent-fullwidth non-hundred-percent-height-scrolling\" style=\"background-color: rgba(255,255,255,0);background-position: center center;background-repeat: no-repeat;border-width: 0px 0px 0px 0px;border-color:#e2e2e2;border-style:solid;\" ><div class=\"fusion-builder-row fusion-row fusion-flex-align-items-flex-start\" style=\"max-width:1352px;margin-left: calc(-4% \/ 2 );margin-right: calc(-4% \/ 2 );\"><div class=\"fusion-layout-column fusion_builder_column fusion-builder-column-2 fusion_builder_column_1_1 1_1 fusion-flex-column\"><div class=\"fusion-column-wrapper fusion-flex-justify-content-flex-start fusion-content-layout-column\" style=\"background-position:left top;background-repeat:no-repeat;-webkit-background-size:cover;-moz-background-size:cover;-o-background-size:cover;background-size:cover;padding: 0px 0px 0px 0px;\"><style type=\"text\/css\">@media only screen and (max-width:1100px) {.fusion-title.fusion-title-3{margin-top:10px!important; margin-right:!important;margin-bottom:15px!important;margin-left:!important;}}@media only screen and (max-width:750px) {.fusion-title.fusion-title-3{margin-top:10px!important; margin-right:!important;margin-bottom:10px!important; margin-left:!important;}}<\/style><div class=\"fusion-title title fusion-title-3 fusion-sep-none fusion-title-text fusion-title-size-two\" style=\"margin-top:10px;margin-bottom:15px;\"><h2 class=\"title-heading-left fusion-responsive-typography-calculated\" style=\"margin:0;--fontSize:40;line-height:1.2;\">Main d&rsquo;oeuvre<\/h2><\/div><div class=\"fusion-text fusion-text-3\"><table class=\"tableizer-table tableizer-table-2col\">\n<tbody>\n<tr>\n<td>\n<div>Travaux de polyester,<\/div>\n<div>peinture, m\u00e9canique, \u00e9lectricit\u00e9, agencement<\/div>\n<\/td>\n<td>\n<div><b>66 \u20ac TTC de l&rsquo;heure<\/b><\/div>\n<\/td>\n<\/tr>\n<tr>\n<td>\n<div>Travaux de nettoyage<br \/>(haute pression)<\/div>\n<\/td>\n<td>\n<div><b>70 \u20ac TTC de l&rsquo;heure<\/b><br \/>machine comprise<\/div>\n<\/td>\n<\/tr>\n<tr>\n<td>\n<div>Travaux en heures suppl\u00e9mentaires<\/div>\n<div>(apr\u00e8s 18h et le Samedi, Dimache et jours f\u00e9ri\u00e9s)<\/div>\n<\/td>\n<td>\n<div><b>Majoration de 25% de l&rsquo;heure<\/b><\/div>\n<\/td>\n<\/tr>\n<tr>\n<td>\n<div>D\u00e9placements pour d\u00e9pannages<\/div>\n<\/td>\n<td>\n<div>\n<p><b>0,90 \u20ac TTC par km<\/b><\/p>\n<div>+ les heures de trajet au tarif main d&rsquo;oeuvre.<\/div>\n<\/div>\n<\/td>\n<\/tr>\n<tr>\n<td>\n<div>Travaux de soudure<\/div>\n<\/td>\n<td>\n<div>\n<p><b>71 \u20ac TTC de l&rsquo;heure<\/b><\/p>\n<div>(Aluminium, Inox, Acier, Fonte) et soudure en Argon TIG)<\/div>\n<\/div>\n<\/td>\n<\/tr>\n<tr>\n<td>\n<div>Location machine haute pression<\/div>\n<\/td>\n<td>\n<div><b>55 \u20ac TTC de l&rsquo;heure<\/b><br \/>mise en route et sans produit<\/div>\n<\/td>\n<\/tr>\n<tr>\n<td>\n<div>Travaux de sablages<\/div>\n<\/td>\n<td>\n<div><b>44 \u20ac TTC le m2<\/b><br \/>+ op\u00e9rateur machine \u00e0 l&rsquo;heure<\/div>\n<\/td>\n<\/tr>\n<tr>\n<td>\n<div>Emplacement dans le Hangar<\/div>\n<\/td>\n<td>\n<div><b>18 \u20ac TTC le m2<\/b> par mois<\/div>\n<\/td>\n<\/tr>\n<\/tbody>\n<\/table>\n<\/div><\/div><style type=\"text\/css\">.fusion-body .fusion-builder-column-2{width:100% !important;margin-top : 0px;margin-bottom : 20px;}.fusion-builder-column-2 > .fusion-column-wrapper {padding-top : 0px !important;padding-right : 0px !important;margin-right : 1.92%;padding-bottom : 0px !important;padding-left : 0px !important;margin-left : 1.92%;}@media only screen and (max-width:1100px) {.fusion-body .fusion-builder-column-2{width:100% !important;order : 0;}.fusion-builder-column-2 > .fusion-column-wrapper {margin-right : 1.92%;margin-left : 1.92%;}}@media only screen and (max-width:750px) {.fusion-body .fusion-builder-column-2{width:100% !important;order : 0;}.fusion-builder-column-2 > .fusion-column-wrapper {margin-right : 1.92%;margin-left : 1.92%;}}<\/style><\/div><\/div><style type=\"text\/css\">.fusion-body .fusion-flex-container.fusion-builder-row-3{ padding-top : 0px;margin-top : 0px;padding-right : 0px;padding-bottom : 0px;margin-bottom : 50px;padding-left : 0px;}<\/style><\/div><\/p>\n","protected":false},"excerpt":{"rendered":"","protected":false},"author":1,"featured_media":0,"parent":75,"menu_order":0,"comment_status":"closed","ping_status":"closed","template":"100-width.php","meta":[],"yoast_head":"<!-- This site is optimized with the Yoast SEO plugin v19.3 - https:\/\/yoast.com\/wordpress\/plugins\/seo\/ -->\n<title>Nos tarifs travaux - Sa\u00f4ne Plaisance location de penichettes et bateaux sans permis en bourgogne<\/title>\n<meta name=\"robots\" content=\"index, follow, max-snippet:-1, max-image-preview:large, max-video-preview:-1\" \/>\n<link rel=\"canonical\" href=\"https:\/\/www.saone-plaisance.com\/fr\/chantier-naval\/nos-tarifs-travaux\/\" \/>\n<meta property=\"og:locale\" content=\"fr_FR\" \/>\n<meta property=\"og:type\" content=\"article\" \/>\n<meta property=\"og:title\" content=\"Nos tarifs travaux - Sa\u00f4ne Plaisance location de penichettes et bateaux sans permis en bourgogne\" \/>\n<meta property=\"og:url\" content=\"https:\/\/www.saone-plaisance.com\/fr\/chantier-naval\/nos-tarifs-travaux\/\" \/>\n<meta property=\"og:site_name\" content=\"Sa\u00f4ne Plaisance\" \/>\n<meta property=\"article:modified_time\" content=\"2025-03-26T14:51:48+00:00\" \/>\n<meta name=\"twitter:card\" content=\"summary_large_image\" \/>\n<meta name=\"twitter:label1\" content=\"Dur\u00e9e de lecture estim\u00e9e\" \/>\n\t<meta name=\"twitter:data1\" content=\"8 minutes\" \/>\n<script type=\"application\/ld+json\" class=\"yoast-schema-graph\">{\"@context\":\"https:\/\/schema.org\",\"@graph\":[{\"@type\":\"WebSite\",\"@id\":\"https:\/\/www.saone-plaisance.com\/fr\/#website\",\"url\":\"https:\/\/www.saone-plaisance.com\/fr\/\",\"name\":\"Sa\u00f4ne Plaisance\",\"description\":\"location de penichettes et bateaux sans permis en bourgogne\",\"potentialAction\":[{\"@type\":\"SearchAction\",\"target\":{\"@type\":\"EntryPoint\",\"urlTemplate\":\"https:\/\/www.saone-plaisance.com\/fr\/?s={search_term_string}\"},\"query-input\":\"required name=search_term_string\"}],\"inLanguage\":\"fr-FR\"},{\"@type\":\"WebPage\",\"@id\":\"https:\/\/www.saone-plaisance.com\/fr\/chantier-naval\/nos-tarifs-travaux\/\",\"url\":\"https:\/\/www.saone-plaisance.com\/fr\/chantier-naval\/nos-tarifs-travaux\/\",\"name\":\"Nos tarifs travaux - Sa\u00f4ne Plaisance location de penichettes et bateaux sans permis en bourgogne\",\"isPartOf\":{\"@id\":\"https:\/\/www.saone-plaisance.com\/fr\/#website\"},\"datePublished\":\"2022-05-16T11:58:04+00:00\",\"dateModified\":\"2025-03-26T14:51:48+00:00\",\"breadcrumb\":{\"@id\":\"https:\/\/www.saone-plaisance.com\/fr\/chantier-naval\/nos-tarifs-travaux\/#breadcrumb\"},\"inLanguage\":\"fr-FR\",\"potentialAction\":[{\"@type\":\"ReadAction\",\"target\":[\"https:\/\/www.saone-plaisance.com\/fr\/chantier-naval\/nos-tarifs-travaux\/\"]}]},{\"@type\":\"BreadcrumbList\",\"@id\":\"https:\/\/www.saone-plaisance.com\/fr\/chantier-naval\/nos-tarifs-travaux\/#breadcrumb\",\"itemListElement\":[{\"@type\":\"ListItem\",\"position\":1,\"name\":\"Accueil\",\"item\":\"https:\/\/www.saone-plaisance.com\/fr\/\"},{\"@type\":\"ListItem\",\"position\":2,\"name\":\"Chantier Naval\",\"item\":\"https:\/\/www.saone-plaisance.com\/fr\/chantier-naval\/\"},{\"@type\":\"ListItem\",\"position\":3,\"name\":\"Nos tarifs travaux\"}]}]}<\/script>\n<!-- \/ Yoast SEO plugin. -->","yoast_head_json":{"title":"Nos tarifs travaux - Sa\u00f4ne Plaisance location de penichettes et bateaux sans permis en bourgogne","robots":{"index":"index","follow":"follow","max-snippet":"max-snippet:-1","max-image-preview":"max-image-preview:large","max-video-preview":"max-video-preview:-1"},"canonical":"https:\/\/www.saone-plaisance.com\/fr\/chantier-naval\/nos-tarifs-travaux\/","og_locale":"fr_FR","og_type":"article","og_title":"Nos tarifs travaux - Sa\u00f4ne Plaisance location de penichettes et bateaux sans permis en bourgogne","og_url":"https:\/\/www.saone-plaisance.com\/fr\/chantier-naval\/nos-tarifs-travaux\/","og_site_name":"Sa\u00f4ne Plaisance","article_modified_time":"2025-03-26T14:51:48+00:00","twitter_card":"summary_large_image","twitter_misc":{"Dur\u00e9e de lecture estim\u00e9e":"8 minutes"},"schema":{"@context":"https:\/\/schema.org","@graph":[{"@type":"WebSite","@id":"https:\/\/www.saone-plaisance.com\/fr\/#website","url":"https:\/\/www.saone-plaisance.com\/fr\/","name":"Sa\u00f4ne Plaisance","description":"location de penichettes et bateaux sans permis en bourgogne","potentialAction":[{"@type":"SearchAction","target":{"@type":"EntryPoint","urlTemplate":"https:\/\/www.saone-plaisance.com\/fr\/?s={search_term_string}"},"query-input":"required name=search_term_string"}],"inLanguage":"fr-FR"},{"@type":"WebPage","@id":"https:\/\/www.saone-plaisance.com\/fr\/chantier-naval\/nos-tarifs-travaux\/","url":"https:\/\/www.saone-plaisance.com\/fr\/chantier-naval\/nos-tarifs-travaux\/","name":"Nos tarifs travaux - Sa\u00f4ne Plaisance location de penichettes et bateaux sans permis en bourgogne","isPartOf":{"@id":"https:\/\/www.saone-plaisance.com\/fr\/#website"},"datePublished":"2022-05-16T11:58:04+00:00","dateModified":"2025-03-26T14:51:48+00:00","breadcrumb":{"@id":"https:\/\/www.saone-plaisance.com\/fr\/chantier-naval\/nos-tarifs-travaux\/#breadcrumb"},"inLanguage":"fr-FR","potentialAction":[{"@type":"ReadAction","target":["https:\/\/www.saone-plaisance.com\/fr\/chantier-naval\/nos-tarifs-travaux\/"]}]},{"@type":"BreadcrumbList","@id":"https:\/\/www.saone-plaisance.com\/fr\/chantier-naval\/nos-tarifs-travaux\/#breadcrumb","itemListElement":[{"@type":"ListItem","position":1,"name":"Accueil","item":"https:\/\/www.saone-plaisance.com\/fr\/"},{"@type":"ListItem","position":2,"name":"Chantier Naval","item":"https:\/\/www.saone-plaisance.com\/fr\/chantier-naval\/"},{"@type":"ListItem","position":3,"name":"Nos tarifs travaux"}]}]}},"_links":{"self":[{"href":"https:\/\/www.saone-plaisance.com\/fr\/wp-json\/wp\/v2\/pages\/138"}],"collection":[{"href":"https:\/\/www.saone-plaisance.com\/fr\/wp-json\/wp\/v2\/pages"}],"about":[{"href":"https:\/\/www.saone-plaisance.com\/fr\/wp-json\/wp\/v2\/types\/page"}],"author":[{"embeddable":true,"href":"https:\/\/www.saone-plaisance.com\/fr\/wp-json\/wp\/v2\/users\/1"}],"replies":[{"embeddable":true,"href":"https:\/\/www.saone-plaisance.com\/fr\/wp-json\/wp\/v2\/comments?post=138"}],"version-history":[{"count":14,"href":"https:\/\/www.saone-plaisance.com\/fr\/wp-json\/wp\/v2\/pages\/138\/revisions"}],"predecessor-version":[{"id":2622,"href":"https:\/\/www.saone-plaisance.com\/fr\/wp-json\/wp\/v2\/pages\/138\/revisions\/2622"}],"up":[{"embeddable":true,"href":"https:\/\/www.saone-plaisance.com\/fr\/wp-json\/wp\/v2\/pages\/75"}],"wp:attachment":[{"href":"https:\/\/www.saone-plaisance.com\/fr\/wp-json\/wp\/v2\/media?parent=138"}],"curies":[{"name":"wp","href":"https:\/\/api.w.org\/{rel}","templated":true}]}}