{"id":482,"date":"2022-05-17T14:32:00","date_gmt":"2022-05-17T12:32:00","guid":{"rendered":"http:\/\/saone-plaisance.info\/?page_id=482"},"modified":"2022-08-08T12:22:32","modified_gmt":"2022-08-08T10:22:32","slug":"mentions-legales","status":"publish","type":"page","link":"https:\/\/www.saone-plaisance.com\/fr\/mentions-legales\/","title":{"rendered":"Mentions L\u00e9gales"},"content":{"rendered":"<div class=\"fusion-fullwidth fullwidth-box fusion-builder-row-1 fusion-flex-container nonhundred-percent-fullwidth non-hundred-percent-height-scrolling\" style=\"background-color: rgba(255,255,255,0);background-position: center center;background-repeat: no-repeat;border-width: 0px 0px 0px 0px;border-color:#e2e2e2;border-style:solid;\" ><div class=\"fusion-builder-row fusion-row fusion-flex-align-items-flex-start\" style=\"max-width:1352px;margin-left: calc(-4% \/ 2 );margin-right: calc(-4% \/ 2 );\"><div class=\"fusion-layout-column fusion_builder_column fusion-builder-column-0 fusion_builder_column_1_1 1_1 fusion-flex-column\"><div class=\"fusion-column-wrapper fusion-flex-justify-content-flex-start fusion-content-layout-column\" style=\"background-position:left top;background-repeat:no-repeat;-webkit-background-size:cover;-moz-background-size:cover;-o-background-size:cover;background-size:cover;padding: 0px 0px 0px 0px;\"><div class=\"fusion-text fusion-text-1\"><p><a href=\"https:\/\/www.saone-plaisance.com\/\">www.saone-plaisance.com<\/a> est la propri\u00e9t\u00e9 de Sa\u00f4ne Plaisance, il en est \u00e9galement son site internet officiel.<\/p>\n<p>L\u2019utilisateur de ce Site est notamment inform\u00e9 que conform\u00e9ment \u00e0 l\u2019article 32 de la loi Informatique et libert\u00e9s du 6 janvier 1978 modifi\u00e9e, les informations qu\u2019il communique par les formulaires pr\u00e9sents sur ce Site sont n\u00e9cessaires pour r\u00e9pondre \u00e0 sa demande et sont destin\u00e9es aux services en charge de r\u00e9pondre \u00e0 sa demande \u00e0 des fins de suivi de cette demande.<\/p>\n<p>Conform\u00e9ment aux dispositions des articles 39 et 40 de la loi \u00ab Informatique et Libert\u00e9s \u00bb du 6 janvier 1978 modifi\u00e9e en 2004, l\u2019utilisateur b\u00e9n\u00e9ficie d\u2019un droit d\u2019acc\u00e8s, de rectification, de mise \u00e0 jour et d\u2019effacement des informations qui le concernent, qu\u2019il peut exercer en s\u2019adressant \u00e0\u00a0<a href=\"mailto:accueil.mairie@messery.fr\">info@saone-plaisance.com<\/a>, ou par courrier \u00e0 <strong>Sa\u00f4ne Plaisance Port de Savoyeux B.P. 5 70130 SEVEUX<\/strong>, en pr\u00e9cisant dans l\u2019objet du courrier \u00ab Droit des personnes \u00bb et en joignant la copie de son justificatif d\u2019identit\u00e9.<\/p>\n<p>Conform\u00e9ment aux dispositions des articles 6-III et 19 de la Loi n\u00b0 2004-575 du 21 juin 2004 pour la Confiance dans l\u2019\u00e9conomie num\u00e9rique, dite L.C.E.N., nous portons \u00e0 la connaissance des utilisateurs et visiteurs du site :\u00a0<a href=\"https:\/\/www.saone-plaisance.com\">www.saone-plaisance.com<\/a>\u00a0les informations suivantes :<\/p>\n<h3 class=\"fusion-responsive-typography-calculated\" data-fontsize=\"27\" data-lineheight=\"35.1px\">Repr\u00e9sent\u00e9e par :<\/h3>\n<p>Sa\u00f4ne Plaisance<\/p>\n<h3 class=\"fusion-responsive-typography-calculated\" data-fontsize=\"27\" data-lineheight=\"35.1px\">Coordonn\u00e9es :<\/h3>\n<p>Sa\u00f4ne Plaisance<br \/>Port de Savoyeux<br \/>B.P. 5<br \/>70130 SEVEUX<\/p>\n<p><strong>H\u00e9bergement :\u00a0<\/strong><\/p>\n<p><strong><a href=\"https:\/\/www.ionos.fr\/\">IONOS<\/a><\/strong><br \/>7 Pl. de la Gare, 57200 Sarreguemines<\/p>\n<p><strong>Cr\u00e9ation :\u00a0<\/strong><a href=\"https:\/\/www.sply-prod.com\/\"><strong>Sply Prod<\/strong><\/a><\/p>\n<\/div><\/div><style type=\"text\/css\">.fusion-body .fusion-builder-column-0{width:100% !important;margin-top : 0px;margin-bottom : 20px;}.fusion-builder-column-0 > .fusion-column-wrapper {padding-top : 0px !important;padding-right : 0px !important;margin-right : 1.92%;padding-bottom : 0px !important;padding-left : 0px !important;margin-left : 1.92%;}@media only screen and (max-width:1100px) {.fusion-body .fusion-builder-column-0{width:100% !important;order : 0;}.fusion-builder-column-0 > .fusion-column-wrapper {margin-right : 1.92%;margin-left : 1.92%;}}@media only screen and (max-width:750px) {.fusion-body .fusion-builder-column-0{width:100% !important;order : 0;}.fusion-builder-column-0 > .fusion-column-wrapper {margin-right : 1.92%;margin-left : 1.92%;}}<\/style><\/div><\/div><style type=\"text\/css\">.fusion-body .fusion-flex-container.fusion-builder-row-1{ padding-top : 0px;margin-top : 0px;padding-right : 0px;padding-bottom : 0px;margin-bottom : 0px;padding-left : 0px;}<\/style><\/div>\n","protected":false},"excerpt":{"rendered":"","protected":false},"author":1,"featured_media":0,"parent":0,"menu_order":0,"comment_status":"closed","ping_status":"closed","template":"","meta":[],"yoast_head":"<!-- This site is optimized with the Yoast SEO plugin v19.3 - https:\/\/yoast.com\/wordpress\/plugins\/seo\/ -->\n<title>Mentions L\u00e9gales - Sa\u00f4ne Plaisance location de penichettes et bateaux sans permis en bourgogne<\/title>\n<meta name=\"robots\" content=\"index, follow, max-snippet:-1, max-image-preview:large, max-video-preview:-1\" \/>\n<link rel=\"canonical\" href=\"https:\/\/www.saone-plaisance.com\/fr\/mentions-legales\/\" \/>\n<meta property=\"og:locale\" content=\"fr_FR\" \/>\n<meta property=\"og:type\" content=\"article\" \/>\n<meta property=\"og:title\" content=\"Mentions L\u00e9gales - Sa\u00f4ne Plaisance location de penichettes et bateaux sans permis en bourgogne\" \/>\n<meta property=\"og:url\" content=\"https:\/\/www.saone-plaisance.com\/fr\/mentions-legales\/\" \/>\n<meta property=\"og:site_name\" content=\"Sa\u00f4ne Plaisance\" \/>\n<meta property=\"article:modified_time\" content=\"2022-08-08T10:22:32+00:00\" \/>\n<meta name=\"twitter:card\" content=\"summary_large_image\" \/>\n<meta name=\"twitter:label1\" content=\"Dur\u00e9e de lecture estim\u00e9e\" \/>\n\t<meta name=\"twitter:data1\" content=\"3 minutes\" \/>\n<script type=\"application\/ld+json\" class=\"yoast-schema-graph\">{\"@context\":\"https:\/\/schema.org\",\"@graph\":[{\"@type\":\"WebSite\",\"@id\":\"https:\/\/www.saone-plaisance.com\/fr\/#website\",\"url\":\"https:\/\/www.saone-plaisance.com\/fr\/\",\"name\":\"Sa\u00f4ne Plaisance\",\"description\":\"location de penichettes et bateaux sans permis en bourgogne\",\"potentialAction\":[{\"@type\":\"SearchAction\",\"target\":{\"@type\":\"EntryPoint\",\"urlTemplate\":\"https:\/\/www.saone-plaisance.com\/fr\/?s={search_term_string}\"},\"query-input\":\"required name=search_term_string\"}],\"inLanguage\":\"fr-FR\"},{\"@type\":\"WebPage\",\"@id\":\"https:\/\/www.saone-plaisance.com\/fr\/mentions-legales\/\",\"url\":\"https:\/\/www.saone-plaisance.com\/fr\/mentions-legales\/\",\"name\":\"Mentions L\u00e9gales - Sa\u00f4ne Plaisance location de penichettes et bateaux sans permis en bourgogne\",\"isPartOf\":{\"@id\":\"https:\/\/www.saone-plaisance.com\/fr\/#website\"},\"datePublished\":\"2022-05-17T12:32:00+00:00\",\"dateModified\":\"2022-08-08T10:22:32+00:00\",\"breadcrumb\":{\"@id\":\"https:\/\/www.saone-plaisance.com\/fr\/mentions-legales\/#breadcrumb\"},\"inLanguage\":\"fr-FR\",\"potentialAction\":[{\"@type\":\"ReadAction\",\"target\":[\"https:\/\/www.saone-plaisance.com\/fr\/mentions-legales\/\"]}]},{\"@type\":\"BreadcrumbList\",\"@id\":\"https:\/\/www.saone-plaisance.com\/fr\/mentions-legales\/#breadcrumb\",\"itemListElement\":[{\"@type\":\"ListItem\",\"position\":1,\"name\":\"Accueil\",\"item\":\"https:\/\/www.saone-plaisance.com\/fr\/\"},{\"@type\":\"ListItem\",\"position\":2,\"name\":\"Mentions L\u00e9gales\"}]}]}<\/script>\n<!-- \/ Yoast SEO plugin. -->","yoast_head_json":{"title":"Mentions L\u00e9gales - Sa\u00f4ne Plaisance location de penichettes et bateaux sans permis en bourgogne","robots":{"index":"index","follow":"follow","max-snippet":"max-snippet:-1","max-image-preview":"max-image-preview:large","max-video-preview":"max-video-preview:-1"},"canonical":"https:\/\/www.saone-plaisance.com\/fr\/mentions-legales\/","og_locale":"fr_FR","og_type":"article","og_title":"Mentions L\u00e9gales - Sa\u00f4ne Plaisance location de penichettes et bateaux sans permis en bourgogne","og_url":"https:\/\/www.saone-plaisance.com\/fr\/mentions-legales\/","og_site_name":"Sa\u00f4ne Plaisance","article_modified_time":"2022-08-08T10:22:32+00:00","twitter_card":"summary_large_image","twitter_misc":{"Dur\u00e9e de lecture estim\u00e9e":"3 minutes"},"schema":{"@context":"https:\/\/schema.org","@graph":[{"@type":"WebSite","@id":"https:\/\/www.saone-plaisance.com\/fr\/#website","url":"https:\/\/www.saone-plaisance.com\/fr\/","name":"Sa\u00f4ne Plaisance","description":"location de penichettes et bateaux sans permis en bourgogne","potentialAction":[{"@type":"SearchAction","target":{"@type":"EntryPoint","urlTemplate":"https:\/\/www.saone-plaisance.com\/fr\/?s={search_term_string}"},"query-input":"required name=search_term_string"}],"inLanguage":"fr-FR"},{"@type":"WebPage","@id":"https:\/\/www.saone-plaisance.com\/fr\/mentions-legales\/","url":"https:\/\/www.saone-plaisance.com\/fr\/mentions-legales\/","name":"Mentions L\u00e9gales - Sa\u00f4ne Plaisance location de penichettes et bateaux sans permis en bourgogne","isPartOf":{"@id":"https:\/\/www.saone-plaisance.com\/fr\/#website"},"datePublished":"2022-05-17T12:32:00+00:00","dateModified":"2022-08-08T10:22:32+00:00","breadcrumb":{"@id":"https:\/\/www.saone-plaisance.com\/fr\/mentions-legales\/#breadcrumb"},"inLanguage":"fr-FR","potentialAction":[{"@type":"ReadAction","target":["https:\/\/www.saone-plaisance.com\/fr\/mentions-legales\/"]}]},{"@type":"BreadcrumbList","@id":"https:\/\/www.saone-plaisance.com\/fr\/mentions-legales\/#breadcrumb","itemListElement":[{"@type":"ListItem","position":1,"name":"Accueil","item":"https:\/\/www.saone-plaisance.com\/fr\/"},{"@type":"ListItem","position":2,"name":"Mentions L\u00e9gales"}]}]}},"_links":{"self":[{"href":"https:\/\/www.saone-plaisance.com\/fr\/wp-json\/wp\/v2\/pages\/482"}],"collection":[{"href":"https:\/\/www.saone-plaisance.com\/fr\/wp-json\/wp\/v2\/pages"}],"about":[{"href":"https:\/\/www.saone-plaisance.com\/fr\/wp-json\/wp\/v2\/types\/page"}],"author":[{"embeddable":true,"href":"https:\/\/www.saone-plaisance.com\/fr\/wp-json\/wp\/v2\/users\/1"}],"replies":[{"embeddable":true,"href":"https:\/\/www.saone-plaisance.com\/fr\/wp-json\/wp\/v2\/comments?post=482"}],"version-history":[{"count":2,"href":"https:\/\/www.saone-plaisance.com\/fr\/wp-json\/wp\/v2\/pages\/482\/revisions"}],"predecessor-version":[{"id":2339,"href":"https:\/\/www.saone-plaisance.com\/fr\/wp-json\/wp\/v2\/pages\/482\/revisions\/2339"}],"wp:attachment":[{"href":"https:\/\/www.saone-plaisance.com\/fr\/wp-json\/wp\/v2\/media?parent=482"}],"curies":[{"name":"wp","href":"https:\/\/api.w.org\/{rel}","templated":true}]}}