{"id":75,"date":"2022-05-13T18:23:22","date_gmt":"2022-05-13T16:23:22","guid":{"rendered":"http:\/\/saone-plaisance.info\/?page_id=75"},"modified":"2024-07-15T11:54:07","modified_gmt":"2024-07-15T09:54:07","slug":"chantier-naval","status":"publish","type":"page","link":"https:\/\/www.saone-plaisance.com\/fr\/chantier-naval\/","title":{"rendered":"Chantier Naval"},"content":{"rendered":"<p><div class=\"fusion-fullwidth fullwidth-box fusion-builder-row-1 fusion-flex-container hundred-percent-fullwidth non-hundred-percent-height-scrolling\" style=\"background-color: var(--awb-color3);background-position: center center;background-repeat: no-repeat;border-width: 0px 0px 0px 0px;border-color:#e2e2e2;border-style:solid;\" ><div class=\"fusion-builder-row fusion-row fusion-flex-align-items-stretch\" style=\"width:calc( 100% + 0px ) !important;max-width:calc( 100% + 0px ) !important;margin-left: calc(-0px \/ 2 );margin-right: calc(-0px \/ 2 );\"><div class=\"fusion-layout-column fusion_builder_column fusion-builder-column-0 fusion_builder_column_1_2 1_2 fusion-flex-column\"><div class=\"fusion-column-wrapper fusion-flex-justify-content-center fusion-content-layout-column\" style=\"background-position:left top;background-repeat:no-repeat;-webkit-background-size:cover;-moz-background-size:cover;-o-background-size:cover;background-size:cover;padding: 10% 13% 10% 13%;\"><div class=\"fusion-text fusion-text-1\"><p>Sa\u00f4ne plaisance g\u00e8re le port de Savoyeux et s&rsquo;occupe de votre bateau, de son entretien, de son gardiennage. Vous y trouverez tout ce qui concerne notre activit\u00e9 entretien et vente de bateaux<\/p>\n<\/div><\/div><style type=\"text\/css\">.fusion-body .fusion-builder-column-0{width:50% !important;margin-top : 0px;margin-bottom : 0px;}.fusion-builder-column-0 > .fusion-column-wrapper {padding-top : 10% !important;padding-right : 13% !important;margin-right : 0;padding-bottom : 10% !important;padding-left : 13% !important;margin-left : 0;}@media only screen and (max-width:1100px) {.fusion-body .fusion-builder-column-0{width:50% !important;order : 0;}.fusion-builder-column-0 > .fusion-column-wrapper {margin-right : 0;margin-left : 0;}}@media only screen and (max-width:750px) {.fusion-body .fusion-builder-column-0{width:100% !important;order : 0;}.fusion-builder-column-0 > .fusion-column-wrapper {margin-right : 0;margin-left : 0;}}<\/style><\/div><div class=\"fusion-layout-column fusion_builder_column fusion-builder-column-1 fusion_builder_column_1_2 1_2 fusion-flex-column\"><div class=\"fusion-column-wrapper lazyload fusion-flex-justify-content-flex-start fusion-content-layout-column fusion-empty-column-bg-image\" style=\"background-position:center top;background-repeat:no-repeat;-webkit-background-size:cover;-moz-background-size:cover;-o-background-size:cover;background-size:cover;padding: 0px 0px 0px 0px;\" data-bg-url=\"https:\/\/www.saone-plaisance.com\/wp-content\/uploads\/2022\/05\/file184.jpg\" data-bg=\"https:\/\/www.saone-plaisance.com\/wp-content\/uploads\/2022\/05\/file184.jpg\"><img class=\"fusion-empty-dims-img-placeholder fusion-no-large-visibility fusion-no-medium-visibility\" src=\"data:image\/svg+xml,%3Csvg%20xmlns%3D%27http%3A%2F%2Fwww.w3.org%2F2000%2Fsvg%27%20width%3D%27461%27%20height%3D%27346%27%20viewBox%3D%270%200%20461%20346%27%3E%3Crect%20width%3D%27461%27%20height%3D%27346%27%20fill-opacity%3D%220%22%2F%3E%3C%2Fsvg%3E\"><\/div><style type=\"text\/css\">.fusion-body .fusion-builder-column-1{width:50% !important;margin-top : -60px;margin-bottom : 0px;}.fusion-builder-column-1 > .fusion-column-wrapper {padding-top : 0px !important;padding-right : 0px !important;margin-right : 0;padding-bottom : 0px !important;padding-left : 0px !important;margin-left : 0;}@media only screen and (max-width:1100px) {.fusion-body .fusion-builder-column-1{width:50% !important;order : 0;}.fusion-builder-column-1 > .fusion-column-wrapper {margin-right : 0;margin-left : 0;}}@media only screen and (max-width:750px) {.fusion-body .fusion-builder-column-1{width:100% !important;order : 0;margin-top : 0;}.fusion-builder-column-1 > .fusion-column-wrapper {margin-right : 0;margin-left : 0;}}<\/style><\/div><\/div><style type=\"text\/css\">.fusion-body .fusion-flex-container.fusion-builder-row-1{ padding-top : 0px;margin-top : 90px;padding-right : 0px;padding-bottom : 50px;margin-bottom : 50px;padding-left : 0px;min-height:500px;}@media only screen and (max-width:750px) {.fusion-body .fusion-flex-container.fusion-builder-row-1{ margin-top : 0;}}<\/style><\/div><div class=\"fusion-fullwidth fullwidth-box fusion-builder-row-2 fusion-flex-container hundred-percent-fullwidth non-hundred-percent-height-scrolling\" style=\"background-color: var(--awb-color3);background-position: center center;background-repeat: no-repeat;border-width: 0px 0px 0px 0px;border-color:#e2e2e2;border-style:solid;\" ><div class=\"fusion-builder-row fusion-row fusion-flex-align-items-stretch\" style=\"width:calc( 100% + 0px ) !important;max-width:calc( 100% + 0px ) !important;margin-left: calc(-0px \/ 2 );margin-right: calc(-0px \/ 2 );\"><div class=\"fusion-layout-column fusion_builder_column fusion-builder-column-2 fusion_builder_column_1_2 1_2 fusion-flex-column\"><div class=\"fusion-column-wrapper lazyload fusion-flex-justify-content-flex-start fusion-content-layout-column fusion-empty-column-bg-image\" style=\"background-position:center center;background-repeat:no-repeat;-webkit-background-size:cover;-moz-background-size:cover;-o-background-size:cover;background-size:cover;padding: 0px 0px 0px 0px;\" data-bg-url=\"https:\/\/www.saone-plaisance.com\/wp-content\/uploads\/2022\/05\/file82.jpg\" data-bg=\"https:\/\/www.saone-plaisance.com\/wp-content\/uploads\/2022\/05\/file82.jpg\"><img class=\"fusion-empty-dims-img-placeholder fusion-no-large-visibility fusion-no-medium-visibility\" src=\"data:image\/svg+xml,%3Csvg%20xmlns%3D%27http%3A%2F%2Fwww.w3.org%2F2000%2Fsvg%27%20width%3D%27650%27%20height%3D%27488%27%20viewBox%3D%270%200%20650%20488%27%3E%3Crect%20width%3D%27650%27%20height%3D%27488%27%20fill-opacity%3D%220%22%2F%3E%3C%2Fsvg%3E\"><\/div><style type=\"text\/css\">.fusion-body .fusion-builder-column-2{width:50% !important;margin-top : -60px;margin-bottom : 0px;}.fusion-builder-column-2 > .fusion-column-wrapper {padding-top : 0px !important;padding-right : 0px !important;margin-right : 0;padding-bottom : 0px !important;padding-left : 0px !important;margin-left : 0;}@media only screen and (max-width:1100px) {.fusion-body .fusion-builder-column-2{width:50% !important;order : 0;}.fusion-builder-column-2 > .fusion-column-wrapper {margin-right : 0;margin-left : 0;}}@media only screen and (max-width:750px) {.fusion-body .fusion-builder-column-2{width:100% !important;order : 0;margin-top : 0;}.fusion-builder-column-2 > .fusion-column-wrapper {margin-right : 0;margin-left : 0;}}<\/style><\/div><div class=\"fusion-layout-column fusion_builder_column fusion-builder-column-3 fusion_builder_column_1_2 1_2 fusion-flex-column\"><div class=\"fusion-column-wrapper fusion-flex-justify-content-center fusion-content-layout-column\" style=\"background-position:left top;background-repeat:no-repeat;-webkit-background-size:cover;-moz-background-size:cover;-o-background-size:cover;background-size:cover;padding: 10% 13% 10% 13%;\"><div class=\"fusion-text fusion-text-2\"><p><strong>PDF TARIFS 2024 \u00e0 T\u00e9l\u00e9charger<br \/>\n<\/strong><a href=\"https:\/\/www.saone-plaisance.com\/wp-content\/uploads\/2024\/07\/SAONE-PLAISANCE-TARIF-STATIONNEMENT-2024-BAT3.pdf\">Saone Plaisance Tarif Stationnement 2024<\/a><\/p>\n<p><strong>TARIF VIGNETTE VNF 2020<br \/>\n<\/strong><a href=\"https:\/\/www.saone-plaisance.com\/wp-content\/uploads\/2022\/05\/file180.pdf\">vnf carte_bienvenue_2020_fr-web.pdf<\/a><\/p>\n<\/div><\/div><style type=\"text\/css\">.fusion-body .fusion-builder-column-3{width:50% !important;margin-top : 0px;margin-bottom : 0px;}.fusion-builder-column-3 > .fusion-column-wrapper {padding-top : 10% !important;padding-right : 13% !important;margin-right : 0;padding-bottom : 10% !important;padding-left : 13% !important;margin-left : 0;}@media only screen and (max-width:1100px) {.fusion-body .fusion-builder-column-3{width:50% !important;order : 0;}.fusion-builder-column-3 > .fusion-column-wrapper {margin-right : 0;margin-left : 0;}}@media only screen and (max-width:750px) {.fusion-body .fusion-builder-column-3{width:100% !important;order : 0;}.fusion-builder-column-3 > .fusion-column-wrapper {margin-right : 0;margin-left : 0;}}<\/style><\/div><\/div><style type=\"text\/css\">.fusion-body .fusion-flex-container.fusion-builder-row-2{ padding-top : 0px;margin-top : 90px;padding-right : 0px;padding-bottom : 50px;margin-bottom : 50px;padding-left : 0px;min-height:500px;}<\/style><\/div><div class=\"fusion-fullwidth fullwidth-box fusion-builder-row-3 fusion-flex-container nonhundred-percent-fullwidth non-hundred-percent-height-scrolling\" style=\"background-color: rgba(255,255,255,0);background-position: center center;background-repeat: no-repeat;border-width: 0px 0px 0px 0px;border-color:#e2e2e2;border-style:solid;\" ><div class=\"fusion-builder-row fusion-row fusion-flex-align-items-flex-start\" style=\"max-width:1352px;margin-left: calc(-4% \/ 2 );margin-right: calc(-4% \/ 2 );\"><div class=\"fusion-layout-column fusion_builder_column fusion-builder-column-4 fusion_builder_column_1_1 1_1 fusion-flex-column\"><div class=\"fusion-column-wrapper fusion-flex-justify-content-flex-start fusion-content-layout-column\" style=\"background-position:left top;background-repeat:no-repeat;-webkit-background-size:cover;-moz-background-size:cover;-o-background-size:cover;background-size:cover;padding: 0px 0px 0px 0px;\"><style type=\"text\/css\">@media only screen and (max-width:1100px) {.fusion-title.fusion-title-1{margin-top:10px!important; margin-right:!important;margin-bottom:15px!important;margin-left:!important;}}@media only screen and (max-width:750px) {.fusion-title.fusion-title-1{margin-top:10px!important; margin-right:!important;margin-bottom:10px!important; margin-left:!important;}}<\/style><div class=\"fusion-title title fusion-title-1 fusion-sep-none fusion-title-center fusion-title-text fusion-title-size-five\" style=\"margin-top:10px;margin-bottom:15px;\"><h5 class=\"title-heading-center fusion-responsive-typography-calculated\" style=\"margin:0;--fontSize:22;--minFontSize:22px;line-height:1.4;\"><p>SAONE PLAISANCE SARL est identifi\u00e9 chez NANNI DIESEL MOTEUR<br \/>\ncomme Point Service: Engine Selling, Repair<\/p><\/h5><\/div><div class=\"fusion-text fusion-text-3\" style=\"text-align:center;\"><p><a href=\"https:\/\/www.nannienergy.com\" target=\"_blank\" rel=\"noopener\">https:\/\/www.nannienergy.com<\/a><\/p>\n<\/div><div style=\"text-align:center;\"><span class=\" fusion-imageframe imageframe-none imageframe-1 hover-type-none\"><img width=\"761\" height=\"506\" title=\"file182\" src=\"https:\/\/www.saone-plaisance.com\/wp-content\/uploads\/2022\/05\/file182.jpg\" data-orig-src=\"https:\/\/www.saone-plaisance.com\/wp-content\/uploads\/2022\/05\/file182.jpg\" alt class=\"lazyload img-responsive wp-image-473\" srcset=\"data:image\/svg+xml,%3Csvg%20xmlns%3D%27http%3A%2F%2Fwww.w3.org%2F2000%2Fsvg%27%20width%3D%27761%27%20height%3D%27506%27%20viewBox%3D%270%200%20761%20506%27%3E%3Crect%20width%3D%27761%27%20height%3D%27506%27%20fill-opacity%3D%220%22%2F%3E%3C%2Fsvg%3E\" data-srcset=\"https:\/\/www.saone-plaisance.com\/wp-content\/uploads\/2022\/05\/file182-200x133.jpg 200w, https:\/\/www.saone-plaisance.com\/wp-content\/uploads\/2022\/05\/file182-400x266.jpg 400w, https:\/\/www.saone-plaisance.com\/wp-content\/uploads\/2022\/05\/file182-600x399.jpg 600w, https:\/\/www.saone-plaisance.com\/wp-content\/uploads\/2022\/05\/file182.jpg 761w\" data-sizes=\"auto\" data-orig-sizes=\"(max-width: 750px) 100vw, 761px\" \/><\/span><\/div><\/div><style type=\"text\/css\">.fusion-body .fusion-builder-column-4{width:100% !important;margin-top : 0px;margin-bottom : 20px;}.fusion-builder-column-4 > .fusion-column-wrapper {padding-top : 0px !important;padding-right : 0px !important;margin-right : 1.92%;padding-bottom : 0px !important;padding-left : 0px !important;margin-left : 1.92%;}@media only screen and (max-width:1100px) {.fusion-body .fusion-builder-column-4{width:100% !important;order : 0;}.fusion-builder-column-4 > .fusion-column-wrapper {margin-right : 1.92%;margin-left : 1.92%;}}@media only screen and (max-width:750px) {.fusion-body .fusion-builder-column-4{width:100% !important;order : 0;}.fusion-builder-column-4 > .fusion-column-wrapper {margin-right : 1.92%;margin-left : 1.92%;}}<\/style><\/div><\/div><style type=\"text\/css\">.fusion-body .fusion-flex-container.fusion-builder-row-3{ padding-top : 0px;margin-top : 0px;padding-right : 0px;padding-bottom : 0px;margin-bottom : 0px;padding-left : 0px;}<\/style><\/div><\/p>\n","protected":false},"excerpt":{"rendered":"","protected":false},"author":1,"featured_media":0,"parent":0,"menu_order":0,"comment_status":"closed","ping_status":"closed","template":"100-width.php","meta":[],"yoast_head":"<!-- This site is optimized with the Yoast SEO plugin v19.3 - https:\/\/yoast.com\/wordpress\/plugins\/seo\/ -->\n<title>Chantier Naval - Sa\u00f4ne Plaisance location de penichettes et bateaux sans permis en bourgogne<\/title>\n<meta name=\"robots\" content=\"index, follow, max-snippet:-1, max-image-preview:large, max-video-preview:-1\" \/>\n<link rel=\"canonical\" href=\"https:\/\/www.saone-plaisance.com\/fr\/chantier-naval\/\" \/>\n<meta property=\"og:locale\" content=\"fr_FR\" \/>\n<meta property=\"og:type\" content=\"article\" \/>\n<meta property=\"og:title\" content=\"Chantier Naval - Sa\u00f4ne Plaisance location de penichettes et bateaux sans permis en bourgogne\" \/>\n<meta property=\"og:url\" content=\"https:\/\/www.saone-plaisance.com\/fr\/chantier-naval\/\" \/>\n<meta property=\"og:site_name\" content=\"Sa\u00f4ne Plaisance\" \/>\n<meta property=\"article:modified_time\" content=\"2024-07-15T09:54:07+00:00\" \/>\n<meta name=\"twitter:card\" content=\"summary_large_image\" \/>\n<meta name=\"twitter:label1\" content=\"Dur\u00e9e de lecture estim\u00e9e\" \/>\n\t<meta name=\"twitter:data1\" content=\"4 minutes\" \/>\n<script type=\"application\/ld+json\" class=\"yoast-schema-graph\">{\"@context\":\"https:\/\/schema.org\",\"@graph\":[{\"@type\":\"WebSite\",\"@id\":\"https:\/\/www.saone-plaisance.com\/fr\/#website\",\"url\":\"https:\/\/www.saone-plaisance.com\/fr\/\",\"name\":\"Sa\u00f4ne Plaisance\",\"description\":\"location de penichettes et bateaux sans permis en bourgogne\",\"potentialAction\":[{\"@type\":\"SearchAction\",\"target\":{\"@type\":\"EntryPoint\",\"urlTemplate\":\"https:\/\/www.saone-plaisance.com\/fr\/?s={search_term_string}\"},\"query-input\":\"required name=search_term_string\"}],\"inLanguage\":\"fr-FR\"},{\"@type\":\"WebPage\",\"@id\":\"https:\/\/www.saone-plaisance.com\/fr\/chantier-naval\/\",\"url\":\"https:\/\/www.saone-plaisance.com\/fr\/chantier-naval\/\",\"name\":\"Chantier Naval - Sa\u00f4ne Plaisance location de penichettes et bateaux sans permis en bourgogne\",\"isPartOf\":{\"@id\":\"https:\/\/www.saone-plaisance.com\/fr\/#website\"},\"datePublished\":\"2022-05-13T16:23:22+00:00\",\"dateModified\":\"2024-07-15T09:54:07+00:00\",\"breadcrumb\":{\"@id\":\"https:\/\/www.saone-plaisance.com\/fr\/chantier-naval\/#breadcrumb\"},\"inLanguage\":\"fr-FR\",\"potentialAction\":[{\"@type\":\"ReadAction\",\"target\":[\"https:\/\/www.saone-plaisance.com\/fr\/chantier-naval\/\"]}]},{\"@type\":\"BreadcrumbList\",\"@id\":\"https:\/\/www.saone-plaisance.com\/fr\/chantier-naval\/#breadcrumb\",\"itemListElement\":[{\"@type\":\"ListItem\",\"position\":1,\"name\":\"Accueil\",\"item\":\"https:\/\/www.saone-plaisance.com\/fr\/\"},{\"@type\":\"ListItem\",\"position\":2,\"name\":\"Chantier Naval\"}]}]}<\/script>\n<!-- \/ Yoast SEO plugin. -->","yoast_head_json":{"title":"Chantier Naval - Sa\u00f4ne Plaisance location de penichettes et bateaux sans permis en bourgogne","robots":{"index":"index","follow":"follow","max-snippet":"max-snippet:-1","max-image-preview":"max-image-preview:large","max-video-preview":"max-video-preview:-1"},"canonical":"https:\/\/www.saone-plaisance.com\/fr\/chantier-naval\/","og_locale":"fr_FR","og_type":"article","og_title":"Chantier Naval - Sa\u00f4ne Plaisance location de penichettes et bateaux sans permis en bourgogne","og_url":"https:\/\/www.saone-plaisance.com\/fr\/chantier-naval\/","og_site_name":"Sa\u00f4ne Plaisance","article_modified_time":"2024-07-15T09:54:07+00:00","twitter_card":"summary_large_image","twitter_misc":{"Dur\u00e9e de lecture estim\u00e9e":"4 minutes"},"schema":{"@context":"https:\/\/schema.org","@graph":[{"@type":"WebSite","@id":"https:\/\/www.saone-plaisance.com\/fr\/#website","url":"https:\/\/www.saone-plaisance.com\/fr\/","name":"Sa\u00f4ne Plaisance","description":"location de penichettes et bateaux sans permis en bourgogne","potentialAction":[{"@type":"SearchAction","target":{"@type":"EntryPoint","urlTemplate":"https:\/\/www.saone-plaisance.com\/fr\/?s={search_term_string}"},"query-input":"required name=search_term_string"}],"inLanguage":"fr-FR"},{"@type":"WebPage","@id":"https:\/\/www.saone-plaisance.com\/fr\/chantier-naval\/","url":"https:\/\/www.saone-plaisance.com\/fr\/chantier-naval\/","name":"Chantier Naval - Sa\u00f4ne Plaisance location de penichettes et bateaux sans permis en bourgogne","isPartOf":{"@id":"https:\/\/www.saone-plaisance.com\/fr\/#website"},"datePublished":"2022-05-13T16:23:22+00:00","dateModified":"2024-07-15T09:54:07+00:00","breadcrumb":{"@id":"https:\/\/www.saone-plaisance.com\/fr\/chantier-naval\/#breadcrumb"},"inLanguage":"fr-FR","potentialAction":[{"@type":"ReadAction","target":["https:\/\/www.saone-plaisance.com\/fr\/chantier-naval\/"]}]},{"@type":"BreadcrumbList","@id":"https:\/\/www.saone-plaisance.com\/fr\/chantier-naval\/#breadcrumb","itemListElement":[{"@type":"ListItem","position":1,"name":"Accueil","item":"https:\/\/www.saone-plaisance.com\/fr\/"},{"@type":"ListItem","position":2,"name":"Chantier Naval"}]}]}},"_links":{"self":[{"href":"https:\/\/www.saone-plaisance.com\/fr\/wp-json\/wp\/v2\/pages\/75"}],"collection":[{"href":"https:\/\/www.saone-plaisance.com\/fr\/wp-json\/wp\/v2\/pages"}],"about":[{"href":"https:\/\/www.saone-plaisance.com\/fr\/wp-json\/wp\/v2\/types\/page"}],"author":[{"embeddable":true,"href":"https:\/\/www.saone-plaisance.com\/fr\/wp-json\/wp\/v2\/users\/1"}],"replies":[{"embeddable":true,"href":"https:\/\/www.saone-plaisance.com\/fr\/wp-json\/wp\/v2\/comments?post=75"}],"version-history":[{"count":17,"href":"https:\/\/www.saone-plaisance.com\/fr\/wp-json\/wp\/v2\/pages\/75\/revisions"}],"predecessor-version":[{"id":2602,"href":"https:\/\/www.saone-plaisance.com\/fr\/wp-json\/wp\/v2\/pages\/75\/revisions\/2602"}],"wp:attachment":[{"href":"https:\/\/www.saone-plaisance.com\/fr\/wp-json\/wp\/v2\/media?parent=75"}],"curies":[{"name":"wp","href":"https:\/\/api.w.org\/{rel}","templated":true}]}}